{"id":1056,"date":"2021-03-18T20:12:50","date_gmt":"2021-03-18T20:12:50","guid":{"rendered":"http:\/\/www.aatrtempsite.com\/?page_id=1056"},"modified":"2025-05-24T23:39:08","modified_gmt":"2025-05-24T23:39:08","slug":"eger-bir-profesyonelseniz","status":"publish","type":"page","link":"http:\/\/www.adsizalkolikler.com\/index.php\/eger-bir-profesyonelseniz\/","title":{"rendered":"E\u011fer  Bir Profesyonelseniz"},"content":{"rendered":"<p><span style=\"font-weight: 400;\">Ads\u0131z Alkolikler,<\/span><\/p>\n<p><span style=\"font-weight: 400;\">Sizinle \u00c7al\u0131\u015fmak \u0130stiyor.<\/span><\/p>\n<p><b>ADSIZ\u00a0 ALKOL\u0130KLER, <\/b><span style=\"font-weight: 400;\">kendi ortak sorunlar\u0131n\u0131 \u00e7\u00f6zebilmek i\u00e7in bir araya gelen kad\u0131n ve erkeklerin birbirleri ile deneyimlerini, g\u00fc\u00e7lerini ve umutlar\u0131n\u0131 payla\u015ft\u0131klar\u0131 ve ba\u015fka insanlara alkolizmden kurtulmalar\u0131 i\u00e7in yard\u0131mc\u0131 olduklar\u0131 bir dernektir.<\/span><\/p>\n<ul>\n<li style=\"font-weight: 400;\" aria-level=\"1\"><span style=\"font-weight: 400;\">\u00dcyelik i\u00e7in tek \u015fart\u00a0 <\/span><b>\u0130\u00c7K\u0130Y\u0130 \u0130\u00c7MEY\u0130 BIRAKMA \u0130STE\u011e\u0130D\u0130R. <\/b><span style=\"font-weight: 400;\">A.A. \u00fcyeli\u011finin bir aidat\u0131 veya \u00fccreti yoktur; kendi ba\u011f\u0131\u015flar\u0131m\u0131zla kendimize yetebiliyoruz.<\/span><\/li>\n<li style=\"font-weight: 400;\" aria-level=\"1\"><span style=\"font-weight: 400;\">A.A. hi\u00e7bir tarikat, mezhep, siyasi g\u00f6r\u00fc\u015f, kurum veya kurulu\u015fa ba\u011fl\u0131 de\u011fildir; herhangi bir tart\u0131\u015fma i\u00e7inde olmak istemez; ya da herhangi bir davay\u0131 desteklemek veya ona kar\u015f\u0131 \u00e7\u0131kmak amac\u0131 g\u00fctmemektedir.<\/span><\/li>\n<li style=\"font-weight: 400;\" aria-level=\"1\"><span style=\"font-weight: 400;\">Ana amac\u0131m\u0131z ay\u0131k kalmakt\u0131r ve di\u011fer alkoliklerin ay\u0131kl\u0131\u011fa ula\u015fmalar\u0131na yard\u0131m etmektir.<\/span><\/li>\n<\/ul>\n<p><b><i>A.A. Sizinle \u00c7al\u0131\u015fmak \u0130stiyor<\/i><\/b><\/p>\n<p><span style=\"font-weight: 400;\">Profesyonel \u00e7evrelerle ortak \u00e7al\u0131\u015fma yapmak kuruldu\u011fu g\u00fcnden beri A.A.\u2019n\u0131n ama\u00e7lar\u0131ndan biri olmu\u015ftur. Her zaman sizinle olan ileti\u015fimimizi g\u00fc\u00e7lendirmeye ve geni\u015fletmeye \u00e7al\u0131\u015f\u0131yoruz ve sizin yorumlar\u0131n\u0131z, \u00f6nerilerinizi bekliyoruz. Bunlar ana amac\u0131m\u0131z olan, halen ac\u0131 \u00e7eken alkoliklere yard\u0131mda sizinle daha etkin \u00e7al\u0131\u015fmam\u0131za yard\u0131mc\u0131 oluyorlar.<\/span><\/p>\n<p><b><i>Yard\u0131mc\u0131 Olmak \u0130steyen Profesyoneller \u0130\u00e7in Bir Kaynak<\/i><\/b><\/p>\n<p><span style=\"font-weight: 400;\">Alkoliklerle \u00e7al\u0131\u015fan profesyoneller Ads\u0131z Alkoliklerle ortak bir amac\u0131 g\u00fcderler: alkoliklerin i\u00e7kiyi b\u0131rakmalar\u0131na, sa\u011fl\u0131kl\u0131 ve \u00fcretken bir hayat s\u00fcrmelerine yard\u0131mc\u0131 olmak.<\/span><\/p>\n<p><span style=\"font-weight: 400;\">Ads\u0131z Alkolikler kar amac\u0131 g\u00fctmeyen, kendi kendine yetebilen, tamamen ba\u011f\u0131ms\u0131z bir gruptur \u2013 \u201c hi\u00e7bir tarikata, mezhebe, siyasi g\u00f6r\u00fc\u015fe, kurum veya kurulu\u015fa dahil de\u011fildir.\u201d Bununla beraber A.A., \u201cbirle\u015fme de\u011fil i\u015fbirli\u011fi\u201d g\u00f6r\u00fc\u015f\u00fc do\u011frultusunda profesyonel camiaya kaynaklar\u0131n\u0131 sunmak istemektedir.<\/span><\/p>\n<p><span style=\"font-weight: 400;\">Alkoliklerin tedavisinde ki\u015fisel tecr\u00fcbelerimizi kaynak olarak sunarak devaml\u0131 bir destek sistemi sa\u011flayabiliriz.<\/span><\/p>\n<p><b><i>Program\u0131n \u0130\u015fleyi\u015fi<\/i><\/b><\/p>\n<p><span style=\"font-weight: 400;\">\u00d6ns\u00f6z\u00fcm\u00fczde de belirtti\u011fimiz \u00fczere, A.A.\u2019n\u0131n birincil amac\u0131: \u201c\u2026ay\u0131k kalmak ve di\u011fer alkoliklerin ay\u0131k kalmas\u0131na yard\u0131mc\u0131 olmakt\u0131r.\u201d<\/span><\/p>\n<p><span style=\"font-weight: 400;\">A.A.\u2019ya \u00fcyeli\u011fin tek \u015fart\u0131 i\u00e7kiyi b\u0131rakma iste\u011fidir. \u00dcyelik i\u00e7in bir aidat veya \u00fccret \u00f6denmesi istenmez; A.A. kendi kendine yetebilen bir gruptur. \u00dcyeler alkolizmden kurtulma tecr\u00fcbelerini di\u011fer insanlara birebir aktar\u0131rlar ve yeni \u00fcyeye kendi kendine iyile\u015febilmesi i\u00e7in A.A.\u2019n\u0131n Oniki Ad\u0131m\u0131n\u0131 ve Grubun devaml\u0131l\u0131\u011f\u0131n\u0131 sa\u011flayan Oniki Gelene\u011fini tan\u0131t\u0131rlar.<\/span><\/p>\n<p><i><span style=\"font-weight: 400;\">Toplant\u0131lar<\/span><\/i><span style=\"font-weight: 400;\">. Program\u0131n bel kemi\u011fini d\u00fcnyan\u0131n d\u00f6rt bir yan\u0131ndaki il ve il\u00e7elerde A.A. gruplar\u0131 taraf\u0131ndan ba\u011f\u0131ms\u0131z olarak yap\u0131lan toplant\u0131lar olu\u015fturur. A.A.\u2019n\u0131n a\u00e7\u0131k toplant\u0131lar\u0131na herkes kat\u0131labilir. Bu toplant\u0131larda bir veya birka\u00e7 konu\u015fmac\u0131 ge\u00e7mi\u015fte ya\u015fad\u0131klar\u0131 hastal\u0131klar\u0131ndan edindikleri izlenimleri ve bu hastal\u0131klardan kurtulmak i\u00e7in A.A.\u2019da g\u00f6rd\u00fckleri tedaviden bahsederler. Profesyonellerin davetli oldu\u011fu baz\u0131 a\u00e7\u0131k toplant\u0131lar alkolik olmayan ( ve muhtemelen olan ) insanlar\u0131n A.A. hakk\u0131nda bilgilendirilmesi i\u00e7in \u00f6zel olarak yap\u0131l\u0131r. Kapal\u0131 toplant\u0131lar i\u00e7in ise yaln\u0131zca alkolikler i\u00e7indir.<\/span><\/p>\n<p><span style=\"font-weight: 400;\">A.A.\u2019da iyile\u015fmekte olan alkolikler genellikle haftada birka\u00e7 toplant\u0131ya kat\u0131l\u0131rlar.<\/span><\/p>\n<p><i><span style=\"font-weight: 400;\">Ads\u0131zl\u0131k. <\/span><\/i><span style=\"font-weight: 400;\">Ads\u0131zl\u0131k, grubun ki\u015filerce de\u011fil ilkelerce, promosyonlarla de\u011fil ilgi uyand\u0131r\u0131lmas\u0131 yoluyla y\u00f6netilmesini sa\u011flar. \u0130yile\u015fme program\u0131m\u0131z\u0131 c\u00f6mert bir \u015fekilde payla\u015f\u0131yoruz; ama bu programa kat\u0131lan ki\u015filerin isimlerini de\u011fil.<\/span><\/p>\n<p><b><i>A.A. Neler Yapmaz<\/i><\/b><\/p>\n<p><span style=\"font-weight: 400;\">A.A. \u015funlar\u0131 yapmaz: Alkoliklerin tedavisi i\u00e7in gereken \u00f6n motivasyonu vermek; \u00fcye toplamak; ara\u015ft\u0131rma yapmak veya sponsorlu\u011funu \u00fcstlenmek; kat\u0131l\u0131m tarih\u00e7eleri veya vaka tarih\u00e7eleri tutmak;sosyal topluluklar\u0131n \u201ckonseylerine\u201d kat\u0131lmak; \u00fcyelerini izlemek veya kontrol etmeye \u00e7al\u0131\u015fmak;t\u0131bbi veya psikolojik te\u015fhiste bulunmak veya belirti incelemek; al\u0131\u015fkanl\u0131k kurutma veya hastabak\u0131c\u0131l\u0131k hizmetleri verme; hastaneye yat\u0131rma; ila\u00e7 verme ya da herhangi bir t\u0131bbi ya da psikiyatrik tedavi; dini hizmetler sunmak; alkolle ilgili e\u011fitim vermeye \u00e7al\u0131\u015fmak; ev bulmak, yemek vermek, giysi vermek, i\u015f bulmak, para vermek veya di\u011fer bak\u0131m ya da sosyal hizmetler sa\u011flamak; aile i\u00e7i veya i\u015f ile ilgili dan\u0131\u015fmanl\u0131k sa\u011flamak; verdi\u011fi hizmetler i\u00e7in para almak ya da A.A. d\u0131\u015f\u0131 kaynaklardan ba\u011f\u0131\u015f kabul etmek; \u015fartl\u0131 sal\u0131verme kurullar\u0131na, avukatlara, mahkeme g\u00f6revlilerine, sosyal ajanslara, i\u015fverenlere referans mektuplar\u0131 haz\u0131rlamak, vs.<\/span><\/p>\n<p><b><i>Mahkeme ve Tedavi Merkezlerinden Y\u00f6nlendirmeler<\/i><\/b><\/p>\n<p><span style=\"font-weight: 400;\">G\u00fcn\u00fcm\u00fczde bir\u00e7ok A.A. \u00fcyesi bizlere mahkeme programlar\u0131ndan ve tedavi merkezlerinden g\u00f6nderilmektedir. Bunlardan baz\u0131lar\u0131 g\u00f6n\u00fcll\u00fc olarak gelmektedir. Baz\u0131lar\u0131 ise g\u00f6n\u00fcll\u00fc de\u011fildir.<\/span><\/p>\n<p><span style=\"font-weight: 400;\">A.A. hi\u00e7bir muhtemel \u00fcyeye kar\u015f\u0131 ayr\u0131mc\u0131l\u0131k yapmaz. Bizi ilgilendiren A.A.\u2019ya y\u00f6nlendirmeyi kimin yapt\u0131\u011f\u0131 de\u011fildir \u2013 bizi ilgilendiren sorunlu i\u00e7icidir.<\/span><\/p>\n<p><span style=\"font-weight: 400;\">Toplant\u0131lara kat\u0131l\u0131m kan\u0131t\u0131. Bazen mahkemeler A.A. toplant\u0131lara kat\u0131l\u0131m\u0131n\u0131n kan\u0131t\u0131n\u0131 istemektedirler.<\/span><\/p>\n<ul>\n<li style=\"font-weight: 400;\" aria-level=\"1\"><span style=\"font-weight: 400;\">Baz\u0131 gruplar, muhtemel \u00fcyenin onay\u0131n\u0131 da alarak, A.A. grup sekreterinin mahkeme taraf\u0131ndan geri d\u00f6n\u00fc\u015f adresli zarf\u0131yla beraber verilen bir ka\u011f\u0131d\u0131 imzalamas\u0131n\u0131 ya da paraflamas\u0131n\u0131 sa\u011flarlar. Bu insan kimlik bilgilerini kendi sunar ve bu ka\u011f\u0131d\u0131 kat\u0131l\u0131m\u0131n\u0131n kan\u0131t\u0131 olarak mahkemeye geri postalar.<\/span><\/li>\n<li style=\"font-weight: 400;\" aria-level=\"1\"><span style=\"font-weight: 400;\">Di\u011fer gruplar de\u011fi\u015fik \u015fekilde yard\u0131mc\u0131 olurlar. Belirli bir prosed\u00fcrleri yoktur. Bir grubun bu i\u015fleme kat\u0131l\u0131m\u0131n\u0131n t\u00fcr\u00fc veya seviyesi tamamen grubun kendi karar\u0131na ba\u011fl\u0131d\u0131r.<\/span><\/li>\n<\/ul>\n<p><b><i>Ama\u00e7 Tekli\u011fi ve Alkol D\u0131\u015f\u0131 Di\u011fer Sorunlar<\/i><\/b><\/p>\n<p><span style=\"font-weight: 400;\">Baz\u0131 profesyoneller alkolizme ve uyu\u015fturucu ba\u011f\u0131ml\u0131l\u0131\u011f\u0131na \u201cmadde kullan\u0131m\u0131\u201d veya \u201ckimyasal ba\u011f\u0131ml\u0131l\u0131k\u201d ad\u0131 vermektedirler. Bu y\u00fczden alkolik olmayan ki\u015filere bazen A.A. toplant\u0131lar\u0131 tan\u0131t\u0131l\u0131r ve bu ki\u015filerin A.A. toplant\u0131lar\u0131na kat\u0131l\u0131mlar\u0131n\u0131n sa\u011flanmas\u0131na \u00e7al\u0131\u015f\u0131l\u0131r. A\u00e7\u0131k A.A. toplant\u0131lar\u0131 herkese a\u00e7\u0131kt\u0131r ama sadece i\u00e7ki sorunu olanlar kapal\u0131 toplant\u0131lara kat\u0131labilirler.<\/span><\/p>\n<p><b><i>A.A.\u2019ya Ba\u015fvuru<\/i><\/b><\/p>\n<p><span style=\"font-weight: 400;\">Ads\u0131z Alkolikler bir\u00e7ok telefon rehberinde bulunmaktad\u0131r. ( Baz\u0131 profesyoneller A.A.\u2019y\u0131 ofislerinden arayarak i\u00e7ki sorunu olan bireye an\u0131nda yard\u0131m ederler.)<\/span><\/p>\n<p><span style=\"font-weight: 400;\">Ya da yard\u0131m almak ve bilgi edinmek i\u00e7in Ads\u0131z Alkolikler Genel Hizmet Ofis\u2019iyle ileti\u015fim kurabilirsiniz. Adresimiz:\u00a0 +90 533 700 06 57<\/span><\/p>\n<p>&nbsp;<\/p>\n","protected":false},"excerpt":{"rendered":"<p>Ads\u0131z Alkolikler, Sizinle \u00c7al\u0131\u015fmak \u0130stiyor. ADSIZ\u00a0 ALKOL\u0130KLER, kendi ortak sorunlar\u0131n\u0131 \u00e7\u00f6zebilmek i\u00e7in bir araya gelen kad\u0131n ve erkeklerin birbirleri ile deneyimlerini, g\u00fc\u00e7lerini ve umutlar\u0131n\u0131 payla\u015ft\u0131klar\u0131 ve ba\u015fka insanlara alkolizmden kurtulmalar\u0131 i\u00e7in yard\u0131mc\u0131 olduklar\u0131 bir dernektir. \u00dcyelik i\u00e7in tek \u015fart\u00a0 \u0130\u00c7K\u0130Y\u0130 \u0130\u00c7MEY\u0130 BIRAKMA \u0130STE\u011e\u0130D\u0130R. A.A. \u00fcyeli\u011finin bir aidat\u0131 veya \u00fccreti yoktur; kendi ba\u011f\u0131\u015flar\u0131m\u0131zla kendimize yetebiliyoruz. A.A. &hellip; <\/p>\n<p class=\"link-more\"><a href=\"http:\/\/www.adsizalkolikler.com\/index.php\/eger-bir-profesyonelseniz\/\" class=\"more-link\">Okumaya devam et<span class=\"screen-reader-text\"> &#8220;E\u011fer  Bir Profesyonelseniz&#8221;<\/span><\/a><\/p>\n","protected":false},"author":1,"featured_media":0,"parent":0,"menu_order":0,"comment_status":"closed","ping_status":"closed","template":"","meta":{"footnotes":""},"class_list":["post-1056","page","type-page","status-publish","hentry"],"_links":{"self":[{"href":"http:\/\/www.adsizalkolikler.com\/index.php\/wp-json\/wp\/v2\/pages\/1056","targetHints":{"allow":["GET"]}}],"collection":[{"href":"http:\/\/www.adsizalkolikler.com\/index.php\/wp-json\/wp\/v2\/pages"}],"about":[{"href":"http:\/\/www.adsizalkolikler.com\/index.php\/wp-json\/wp\/v2\/types\/page"}],"author":[{"embeddable":true,"href":"http:\/\/www.adsizalkolikler.com\/index.php\/wp-json\/wp\/v2\/users\/1"}],"replies":[{"embeddable":true,"href":"http:\/\/www.adsizalkolikler.com\/index.php\/wp-json\/wp\/v2\/comments?post=1056"}],"version-history":[{"count":4,"href":"http:\/\/www.adsizalkolikler.com\/index.php\/wp-json\/wp\/v2\/pages\/1056\/revisions"}],"predecessor-version":[{"id":2207,"href":"http:\/\/www.adsizalkolikler.com\/index.php\/wp-json\/wp\/v2\/pages\/1056\/revisions\/2207"}],"wp:attachment":[{"href":"http:\/\/www.adsizalkolikler.com\/index.php\/wp-json\/wp\/v2\/media?parent=1056"}],"curies":[{"name":"wp","href":"https:\/\/api.w.org\/{rel}","templated":true}]}}