{"id":1319,"date":"2021-05-13T13:16:54","date_gmt":"2021-05-13T13:16:54","guid":{"rendered":"http:\/\/www.aatrtempsite.com\/?page_id=1319"},"modified":"2022-06-01T16:33:12","modified_gmt":"2022-06-01T16:33:12","slug":"genel-hizmet-ofisi-turkiye","status":"publish","type":"page","link":"http:\/\/www.adsizalkolikler.com\/index.php\/home\/genel-hizmet-ofisi-turkiye\/","title":{"rendered":"Genel Hizmet Ofisi T\u00fcrkiye"},"content":{"rendered":"\t\t<div data-elementor-type=\"wp-page\" data-elementor-id=\"1319\" class=\"elementor elementor-1319\">\n\t\t\t\t\t\t\t\t\t<section class=\"elementor-section elementor-top-section elementor-element elementor-element-5af91497 elementor-hidden-desktop elementor-hidden-tablet elementor-hidden-mobile elementor-section-boxed elementor-section-height-default elementor-section-height-default\" data-id=\"5af91497\" data-element_type=\"section\">\n\t\t\t\t\t\t<div class=\"elementor-container elementor-column-gap-default\">\n\t\t\t\t\t<div class=\"elementor-column elementor-col-100 elementor-top-column elementor-element elementor-element-28a5af5b\" data-id=\"28a5af5b\" data-element_type=\"column\">\n\t\t\t<div class=\"elementor-widget-wrap elementor-element-populated\">\n\t\t\t\t\t\t\t\t<div class=\"elementor-element elementor-element-5804081 elementor-widget elementor-widget-text-editor\" data-id=\"5804081\" data-element_type=\"widget\" data-widget_type=\"text-editor.default\">\n\t\t\t\t<div class=\"elementor-widget-container\">\n\t\t\t<style>\/*! elementor - v3.6.7 - 03-07-2022 *\/\n.elementor-widget-text-editor.elementor-drop-cap-view-stacked .elementor-drop-cap{background-color:#818a91;color:#fff}.elementor-widget-text-editor.elementor-drop-cap-view-framed .elementor-drop-cap{color:#818a91;border:3px solid;background-color:transparent}.elementor-widget-text-editor:not(.elementor-drop-cap-view-default) .elementor-drop-cap{margin-top:8px}.elementor-widget-text-editor:not(.elementor-drop-cap-view-default) .elementor-drop-cap-letter{width:1em;height:1em}.elementor-widget-text-editor .elementor-drop-cap{float:left;text-align:center;line-height:1;font-size:50px}.elementor-widget-text-editor .elementor-drop-cap-letter{display:inline-block}<\/style>\t\t\t\t<style type=\"text\/css\">\n<span data-mce-type=\"bookmark\" style=\"display: inline-block; width: 0px; overflow: hidden; line-height: 0;\" class=\"mce_SELRES_start\">\ufeff<\/span><br \/><span data-mce-type=\"bookmark\" style=\"display: inline-block; width: 0px; overflow: hidden; line-height: 0;\" class=\"mce_SELRES_start\">\ufeff<\/span><\/p>\n<p>.tg  {border-collapse:collapse;border-spacing:0;}<br \/>.tg td{border-color:black;border-style:solid;border-width:1px;font-family:Arial, sans-serif;font-size:14px;<br \/>  overflow:hidden;padding:10px 5px;word-break:normal;}<br \/>.tg th{border-color:black;border-style:solid;border-width:1px;font-family:Arial, sans-serif;font-size:14px;<br \/>  font-weight:normal;overflow:hidden;padding:10px 5px;word-break:normal;}<br \/>.tg .tg-0lax{text-align:left;vertical-align:top}<br \/>.tg .tg-0lax-blue{text-align:left;vertical-align:top;background:#baecf5;}<br \/><\/style>\n<table class=\"tg\">\n<tbody>\n<tr>\n<td class=\"tg-0lax\">OF\u0130S<\/td>\n<td class=\"tg-0lax\">MELEK<\/td>\n<td class=\"tg-0lax\">+90 5325148317<\/td>\n<td class=\"tg-0lax\">&#8211;<\/td>\n<\/tr>\n<tr class=\"tg-0lax-blue\">\n<td class=\"tg-0lax\">SAYMAN<\/td>\n<td class=\"tg-0lax\">SELAHATT\u0130N<\/td>\n<td class=\"tg-0lax\">+90 532 700 98 12<\/td>\n<td class=\"tg-0lax\">&#8211;<\/td>\n<\/tr>\n<tr>\n<td class=\"tg-0lax\">SEKRETER<\/td>\n<td class=\"tg-0lax\">MURAT<\/td>\n<td class=\"tg-0lax\">+90 532 569 11 22<\/td>\n<td class=\"tg-0lax\">ghosekreter@adsizalkolikler.com<\/td>\n<\/tr>\n<tr class=\"tg-0lax-blue\">\n<td class=\"tg-0lax\">BA\u015eKAN YARDIMCISI<\/td>\n<td class=\"tg-0lax\">NED\u0130M<\/td>\n<td class=\"tg-0lax\">+90 532 341 00 99<\/td>\n<td class=\"tg-0lax\">nedim1964ocak@hotmail.com<\/td>\n<\/tr>\n<tr>\n<td class=\"tg-0lax\">BA\u015eKAN<\/td>\n<td class=\"tg-0lax\">GAL\u0130P<\/td>\n<td class=\"tg-0lax\">+90 532 306 99 22<\/td>\n<td class=\"tg-0lax\">&#8211;<\/td>\n<\/tr>\n<tr class=\"tg-0lax-blue\">\n<td class=\"tg-0lax\">SAYMAN<\/td>\n<td class=\"tg-0lax\">D\u0130LEK<\/td>\n<td class=\"tg-0lax\">+90 532 231 13 56<\/td>\n<td class=\"tg-0lax\">&#8211;<\/td>\n<\/tr>\n<tr class=\"tg-0la\">\n<td class=\"tg-0lax\">INTERNET<\/td>\n<td class=\"tg-0lax\">SERDAR<\/td>\n<td class=\"tg-0lax\"><\/td>\n<td class=\"tg-0lax\">ghosekreter@adsizalkolikler.com<\/td>\n<\/tr>\n<\/tbody>\n<\/table>\t\t\t\t\t\t<\/div>\n\t\t\t\t<\/div>\n\t\t\t\t\t<\/div>\n\t\t<\/div>\n\t\t\t\t\t\t\t<\/div>\n\t\t<\/section>\n\t\t\t\t<section class=\"elementor-section elementor-top-section elementor-element elementor-element-e83e823 elementor-section-full_width elementor-section-stretched elementor-section-height-default elementor-section-height-default\" data-id=\"e83e823\" data-element_type=\"section\" data-settings=\"{&quot;stretch_section&quot;:&quot;section-stretched&quot;}\">\n\t\t\t\t\t\t<div class=\"elementor-container elementor-column-gap-default\">\n\t\t\t\t\t<div class=\"elementor-column elementor-col-100 elementor-top-column elementor-element elementor-element-5c7585c\" data-id=\"5c7585c\" data-element_type=\"column\">\n\t\t\t<div class=\"elementor-widget-wrap elementor-element-populated\">\n\t\t\t\t\t\t\t\t<div class=\"elementor-element elementor-element-0a094b7 elementor-widget elementor-widget-shortcode\" data-id=\"0a094b7\" data-element_type=\"widget\" data-widget_type=\"shortcode.default\">\n\t\t\t\t<div class=\"elementor-widget-container\">\n\t\t\t\t\t<div class=\"elementor-shortcode\"><div class=\"wptb-table-container wptb-table-1742\" data-wptb-horizontal-scroll-status=\"true\"><div class=\"wptb-table-container-matrix\" id=\"wptb-table-id-1742\" data-wptb-version=\"1.4.2\" data-wptb-pro-status=\"false\"><table class=\"wptb-preview-table wptb-element-main-table_setting-1742\" data-reconstraction=\"1\" style=\"border: 1px solid rgb(209, 209, 209);\" data-wptb-table-tds-sum-max-width=\"429\" data-wptb-cells-width-auto-count=\"4\" data-wptb-extra-styles=\"LyogRW50ZXIgeW91ciBjdXN0b20gQ1NTIHJ1bGVzIGhlcmUgKi8=\" role=\"table\" data-table-columns=\"4\" data-wptb-table-alignment=\"center\" data-wptb-responsive-directives=\"eyJyZXNwb25zaXZlRW5hYmxlZCI6dHJ1ZSwicmVzcG9uc2l2ZU1vZGUiOiJhdXRvIiwicHJlc2VydmVSb3dDb2xvciI6ZmFsc2UsInJlbGF0aXZlV2lkdGgiOiJ3aW5kb3ciLCJoZWFkZXJGdWxseU1lcmdlZCI6ZmFsc2UsIm1vZGVPcHRpb25zIjp7ImF1dG8iOnsiZGlzYWJsZWQiOnsiZGVza3RvcCI6ZmFsc2UsInRhYmxldCI6ZmFsc2UsIm1vYmlsZSI6ZmFsc2V9LCJ0b3BSb3dBc0hlYWRlciI6eyJkZXNrdG9wIjpmYWxzZSwidGFibGV0Ijp0cnVlLCJtb2JpbGUiOnRydWV9LCJyZXBlYXRNZXJnZWRIZWFkZXIiOnsiZGVza3RvcCI6dHJ1ZSwidGFibGV0Ijp0cnVlLCJtb2JpbGUiOnRydWV9LCJzdGF0aWNUb3BSb3ciOnsiZGVza3RvcCI6ZmFsc2UsInRhYmxldCI6ZmFsc2UsIm1vYmlsZSI6ZmFsc2V9LCJjZWxsU3RhY2tEaXJlY3Rpb24iOnsiZGVza3RvcCI6InJvdyIsInRhYmxldCI6InJvdyIsIm1vYmlsZSI6InJvdyJ9LCJjZWxsc1BlclJvdyI6eyJkZXNrdG9wIjoxLCJ0YWJsZXQiOjEsIm1vYmlsZSI6MX19fSwiYnJlYWtwb2ludHMiOnsiZGVza3RvcCI6eyJuYW1lIjoiZGVza3RvcCIsIndpZHRoIjoxMDI0fSwidGFibGV0Ijp7Im5hbWUiOiJ0YWJsZXQiLCJ3aWR0aCI6NzAwfSwibW9iaWxlIjp7Im5hbWUiOiJtb2JpbGUiLCJ3aWR0aCI6MzAwfX19\" data-wptb-adaptive-table=\"0\" data-wptb-horizontal-scroll-status=\"1\" data-wptb-td-width-auto=\"100\"><tbody><tr class=\"wptb-row\"><td class=\"wptb-cell\" style=\"border: 1px solid rgb(209, 209, 209); padding: 3px;\" data-x-index=\"0\" data-y-index=\"0\" data-sorted-vertical=\"ask-disabled\" data-sorted-horizontal=\"ask-disabled\" data-wptb-css-td-auto-width=\"true\"><div class=\"wptb-text-container wptb-ph-element wptb-element-text-175\" style=\"color: rgb(74, 85, 104); font-size: 15px;\"><div class=\"\" style=\"position: relative;\"><p><strong>&Uuml;NVAN<\/strong><\/p><\/div><\/div><\/td><td class=\"wptb-cell\" style=\"border: 1px solid rgb(209, 209, 209); padding: 3px;\" data-x-index=\"1\" data-y-index=\"0\" data-wptb-css-td-auto-width=\"true\" data-sorted-vertical=\"ask-disabled\"><div class=\"wptb-text-container wptb-ph-element wptb-element-text-176\" style=\"color: rgb(74, 85, 104); font-size: 15px;\"><div class=\"\" style=\"position: relative;\"><p class=\"\"><strong>&#304;S&#304;M<\/strong><\/p><\/div><\/div><\/td><td class=\"wptb-cell\" style=\"border: 1px solid rgb(209, 209, 209); padding: 3px;\" data-x-index=\"2\" data-y-index=\"0\" data-wptb-css-td-auto-width=\"true\" data-sorted-vertical=\"ask-disabled\"><div class=\"wptb-text-container wptb-ph-element wptb-element-text-177\" style=\"color: rgb(74, 85, 104); font-size: 15px;\"><div class=\"\" style=\"position: relative;\"><p class=\"\"><strong>TELEFON<\/strong><\/p><\/div><\/div><\/td><td class=\"wptb-cell\" style=\"border: 1px solid rgb(209, 209, 209); padding: 3px;\" data-x-index=\"3\" data-y-index=\"0\" data-wptb-css-td-auto-width=\"true\" data-sorted-vertical=\"ask-disabled\"><div class=\"wptb-text-container wptb-ph-element wptb-element-text-178\" style=\"color: rgb(74, 85, 104); font-size: 15px;\"><div class=\"\" style=\"position: relative;\"><p class=\"\"><strong>E-MA&#304;L<\/strong><\/p><\/div><\/div><\/td><\/tr><tr class=\"wptb-row\"><td class=\"wptb-cell\" data-y-index=\"1\" data-x-index=\"0\" style=\"border: 1px solid rgb(209, 209, 209); padding: 3px;\" data-sorted-vertical=\"ask-disabled\" data-sorted-horizontal=\"ask-disabled\" data-wptb-css-td-auto-width=\"true\"><div class=\"wptb-text-container wptb-ph-element wptb-element-text-127\" style=\"color: rgb(74, 85, 104); font-size: 15px;\"><div class=\"\" style=\"position: relative;\"><p class=\"\"><strong>BA&#350;KAN<\/strong><\/p><\/div><\/div><\/td><td class=\"wptb-cell\" data-y-index=\"1\" data-x-index=\"1\" style=\"border: 1px solid rgb(209, 209, 209); padding: 3px;\" data-wptb-css-td-auto-width=\"true\" data-sorted-vertical=\"ask-disabled\"><div class=\"wptb-text-container wptb-ph-element wptb-element-text-179\" style=\"color: rgb(74, 85, 104); font-size: 15px;\"><div class=\"\" style=\"position: relative;\"><p>-<\/p><\/div><\/div><\/td><td class=\"wptb-cell\" data-y-index=\"1\" data-x-index=\"2\" style=\"border: 1px solid rgb(209, 209, 209); padding: 3px;\" data-wptb-css-td-auto-width=\"true\" data-sorted-vertical=\"ask-disabled\"><div class=\"wptb-text-container wptb-ph-element wptb-element-text-131\" style=\"color: rgb(74, 85, 104); font-size: 15px;\"><div class=\"\" style=\"position: relative;\"><p>+905337000657<\/p><\/div><\/div><\/td><td class=\"wptb-cell\" data-y-index=\"1\" data-x-index=\"3\" style=\"border: 1px solid rgb(209, 209, 209); padding: 3px;\" data-wptb-css-td-auto-width=\"true\" data-sorted-vertical=\"ask-disabled\"><div class=\"wptb-text-container wptb-ph-element wptb-element-text-108\" style=\"color: rgb(74, 85, 104); font-size: 15px;\"><div class=\"\" style=\"position: relative;\"><p>ghosekreter@adsizalkolikler.com<\/p><\/div><\/div><\/td><\/tr><tr class=\"wptb-row\"><td class=\"wptb-cell\" data-y-index=\"2\" data-x-index=\"0\" style=\"border: 1px solid rgb(209, 209, 209); padding: 3px;\" data-sorted-horizontal=\"ask-disabled\" data-wptb-css-td-auto-width=\"true\"><div class=\"wptb-text-container wptb-ph-element wptb-element-text-121\" style=\"color: rgb(74, 85, 104); font-size: 15px;\"><div class=\"\" style=\"position: relative;\"><p class=\"\"><strong>BA&#350;KAN YARDIMCISI<\/strong><\/p><\/div><\/div><\/td><td class=\"wptb-cell\" data-y-index=\"2\" data-x-index=\"1\" style=\"border: 1px solid rgb(209, 209, 209); padding: 3px;\" data-wptb-css-td-auto-width=\"true\"><div class=\"wptb-text-container wptb-ph-element wptb-element-text-180\"><div class=\"\" style=\"position: relative;\"><p>-<\/p><\/div><\/div><\/td><td class=\"wptb-cell\" data-y-index=\"2\" data-x-index=\"2\" style=\"border: 1px solid rgb(209, 209, 209); padding: 3px;\" data-wptb-css-td-auto-width=\"true\"><div class=\"wptb-text-container wptb-ph-element wptb-element-text-125\" style=\"color: rgb(74, 85, 104); font-size: 15px;\"><div class=\"\" style=\"position: relative;\"><p>-<\/p><p><\/p><\/div><\/div><\/td><td class=\"wptb-cell\" data-y-index=\"2\" data-x-index=\"3\" style=\"border: 1px solid rgb(209, 209, 209); padding: 3px;\" data-wptb-css-td-auto-width=\"true\"><div class=\"wptb-text-container wptb-ph-element wptb-element-text-114\" style=\"color: rgb(74, 85, 104); font-size: 15px;\"><div class=\"\" style=\"position: relative;\"><p>-<\/p><p><\/p><\/div><\/div><\/td><\/tr><tr class=\"wptb-row\"><td class=\"wptb-cell\" data-y-index=\"3\" data-x-index=\"0\" style=\"border: 1px solid rgb(209, 209, 209); padding: 3px;\" data-sorted-horizontal=\"ask-disabled\" data-wptb-css-td-auto-width=\"true\"><div class=\"wptb-text-container wptb-ph-element wptb-element-text-115\" style=\"color: rgb(74, 85, 104); font-size: 15px;\"><div class=\"\" style=\"position: relative;\"><p><strong>SEKRETER<\/strong><\/p><\/div><\/div><\/td><td class=\"wptb-cell\" data-y-index=\"3\" data-x-index=\"1\" style=\"border: 1px solid rgb(209, 209, 209); padding: 3px;\" data-wptb-css-td-auto-width=\"true\"><div class=\"wptb-text-container wptb-ph-element wptb-element-text-118\" style=\"color: rgb(74, 85, 104); font-size: 15px;\"><div class=\"\" style=\"position: relative;\"><p>-<\/p><p><\/p><\/div><\/div><\/td><td class=\"wptb-cell\" data-y-index=\"3\" data-x-index=\"2\" style=\"border: 1px solid rgb(209, 209, 209); padding: 3px;\" data-wptb-css-td-auto-width=\"true\"><div class=\"wptb-text-container wptb-ph-element wptb-element-text-119\" style=\"color: rgb(74, 85, 104); font-size: 15px;\"><div class=\"\" style=\"position: relative;\"><p>-<\/p><p><\/p><\/div><\/div><\/td><td class=\"wptb-cell\" data-y-index=\"3\" data-x-index=\"3\" style=\"border: 1px solid rgb(209, 209, 209); padding: 3px;\" data-wptb-css-td-auto-width=\"true\"><div class=\"wptb-text-container wptb-ph-element wptb-element-text-120\" style=\"color: rgb(74, 85, 104); font-size: 15px;\"><div class=\"\" style=\"position: relative;\"><p>-<\/p><p><\/p><\/div><\/div><\/td><\/tr><tr class=\"wptb-row\"><td class=\"wptb-cell\" data-y-index=\"4\" data-x-index=\"0\" style=\"border: 1px solid rgb(209, 209, 209); padding: 3px;\" data-sorted-horizontal=\"ask-disabled\" data-wptb-css-td-auto-width=\"true\"><div class=\"wptb-text-container wptb-ph-element wptb-element-text-109\" style=\"color: rgb(74, 85, 104); font-size: 15px;\"><div class=\"\" style=\"position: relative;\"><p class=\"\"><strong>SAYMAN\/MUHAS&#304;P<\/strong><\/p><\/div><\/div><\/td><td class=\"wptb-cell\" data-y-index=\"4\" data-x-index=\"1\" style=\"border: 1px solid rgb(209, 209, 209); padding: 3px;\" data-wptb-css-td-auto-width=\"true\"><div class=\"wptb-text-container wptb-ph-element wptb-element-text-181\"><div class=\"\" style=\"position: relative;\"><p>-<\/p><\/div><\/div><\/td><td class=\"wptb-cell\" data-y-index=\"4\" data-x-index=\"2\" style=\"border: 1px solid rgb(209, 209, 209); padding: 3px;\" data-wptb-css-td-auto-width=\"true\"><div class=\"wptb-text-container wptb-ph-element wptb-element-text-113\" style=\"color: rgb(74, 85, 104); font-size: 15px;\"><div class=\"\" style=\"position: relative;\"><p>-<\/p><p><\/p><\/div><\/div><\/td><td class=\"wptb-cell\" data-y-index=\"4\" data-x-index=\"3\" style=\"border: 1px solid rgb(209, 209, 209); padding: 3px;\" data-wptb-css-td-auto-width=\"true\"><div class=\"wptb-text-container wptb-ph-element wptb-element-text-126\" style=\"color: rgb(74, 85, 104); font-size: 15px;\"><div class=\"\" style=\"position: relative;\"><p>-<\/p><p><\/p><\/div><\/div><\/td><\/tr><tr class=\"wptb-row\"><td class=\"wptb-cell\" data-y-index=\"5\" data-x-index=\"0\" style=\"border: 1px solid rgb(209, 209, 209); padding: 3px;\" data-sorted-horizontal=\"ask-disabled\" data-wptb-css-td-auto-width=\"true\"><div class=\"wptb-text-container wptb-ph-element wptb-element-text-103 edit-active\" style=\"color: rgb(74, 85, 104); font-size: 15px;\"><div class=\"\" style=\"position: relative;\"><p><strong>&Uuml;YE<\/strong><\/p><\/div><\/div><\/td><td class=\"wptb-cell\" data-y-index=\"5\" data-x-index=\"1\" style=\"border: 1px solid rgb(209, 209, 209); padding: 3px;\" data-wptb-css-td-auto-width=\"true\"><div class=\"wptb-text-container wptb-ph-element wptb-element-text-106\" style=\"color: rgb(74, 85, 104); font-size: 15px;\"><div class=\"\" style=\"position: relative;\"><p>-<\/p><p><\/p><\/div><\/div><\/td><td class=\"wptb-cell\" data-y-index=\"5\" data-x-index=\"2\" style=\"border: 1px solid rgb(209, 209, 209); padding: 3px;\" data-wptb-css-td-auto-width=\"true\"><div class=\"wptb-text-container wptb-ph-element wptb-element-text-107\" style=\"color: rgb(74, 85, 104); font-size: 15px;\"><div class=\"\" style=\"position: relative;\"><p>-<\/p><p><\/p><\/div><\/div><\/td><td class=\"wptb-cell\" data-y-index=\"5\" data-x-index=\"3\" style=\"border: 1px solid rgb(209, 209, 209); padding: 3px;\" data-wptb-css-td-auto-width=\"true\"><div class=\"wptb-text-container wptb-ph-element wptb-element-text-132\" style=\"color: rgb(74, 85, 104); font-size: 15px;\"><div class=\"\" style=\"position: relative;\"><p>-<\/p><p><\/p><\/div><\/div><\/td><\/tr><tr class=\"wptb-row\"><td class=\"wptb-cell\" data-y-index=\"6\" data-x-index=\"0\" style=\"border: 1px solid rgb(209, 209, 209); padding: 3px;\" data-sorted-horizontal=\"ask-disabled\" data-wptb-css-td-auto-width=\"true\"><\/td><td class=\"wptb-cell\" data-y-index=\"6\" data-x-index=\"1\" style=\"border: 1px solid rgb(209, 209, 209); padding: 3px;\" data-wptb-css-td-auto-width=\"true\"><\/td><td class=\"wptb-cell\" data-y-index=\"6\" data-x-index=\"2\" style=\"border: 1px solid rgb(209, 209, 209); padding: 3px;\" data-wptb-css-td-auto-width=\"true\"><\/td><td class=\"wptb-cell\" data-y-index=\"6\" data-x-index=\"3\" style=\"border: 1px solid rgb(209, 209, 209); padding: 3px;\" data-wptb-css-td-auto-width=\"true\"><\/td><\/tr><tr class=\"wptb-row\"><td class=\"wptb-cell\" data-y-index=\"7\" data-x-index=\"0\" style=\"border: 1px solid rgb(209, 209, 209); padding: 3px;\" data-sorted-horizontal=\"ask-disabled\" data-wptb-css-td-auto-width=\"true\"><\/td><td class=\"wptb-cell\" data-y-index=\"7\" data-x-index=\"1\" style=\"border: 1px solid rgb(209, 209, 209); padding: 3px;\" data-wptb-css-td-auto-width=\"true\"><\/td><td class=\"wptb-cell\" data-y-index=\"7\" data-x-index=\"2\" style=\"border: 1px solid rgb(209, 209, 209); padding: 3px;\" data-wptb-css-td-auto-width=\"true\"><\/td><td class=\"wptb-cell\" data-y-index=\"7\" data-x-index=\"3\" style=\"border: 1px solid rgb(209, 209, 209); padding: 3px;\" data-wptb-css-td-auto-width=\"true\"><\/td><\/tr><\/tbody><\/table><\/div><\/div>\n<\/div>\n\t\t\t\t<\/div>\n\t\t\t\t<\/div>\n\t\t\t\t\t<\/div>\n\t\t<\/div>\n\t\t\t\t\t\t\t<\/div>\n\t\t<\/section>\n\t\t\t\t\t\t\t<\/div>\n\t\t","protected":false},"excerpt":{"rendered":"<p>OF\u0130S MELEK +90 5325148317 &#8211; SAYMAN SELAHATT\u0130N +90 532 700 98 12 &#8211; SEKRETER MURAT +90 532 569 11 22 ghosekreter@adsizalkolikler.com BA\u015eKAN YARDIMCISI NED\u0130M +90 532 341 00 99 nedim1964ocak@hotmail.com BA\u015eKAN GAL\u0130P +90 532 306 99 22 &#8211; SAYMAN D\u0130LEK +90 532 231 13 56 &#8211; INTERNET SERDAR ghosekreter@adsizalkolikler.com<\/p>\n","protected":false},"author":1,"featured_media":0,"parent":7,"menu_order":0,"comment_status":"closed","ping_status":"closed","template":"","meta":{"footnotes":""},"class_list":["post-1319","page","type-page","status-publish","hentry"],"_links":{"self":[{"href":"http:\/\/www.adsizalkolikler.com\/index.php\/wp-json\/wp\/v2\/pages\/1319","targetHints":{"allow":["GET"]}}],"collection":[{"href":"http:\/\/www.adsizalkolikler.com\/index.php\/wp-json\/wp\/v2\/pages"}],"about":[{"href":"http:\/\/www.adsizalkolikler.com\/index.php\/wp-json\/wp\/v2\/types\/page"}],"author":[{"embeddable":true,"href":"http:\/\/www.adsizalkolikler.com\/index.php\/wp-json\/wp\/v2\/users\/1"}],"replies":[{"embeddable":true,"href":"http:\/\/www.adsizalkolikler.com\/index.php\/wp-json\/wp\/v2\/comments?post=1319"}],"version-history":[{"count":28,"href":"http:\/\/www.adsizalkolikler.com\/index.php\/wp-json\/wp\/v2\/pages\/1319\/revisions"}],"predecessor-version":[{"id":1831,"href":"http:\/\/www.adsizalkolikler.com\/index.php\/wp-json\/wp\/v2\/pages\/1319\/revisions\/1831"}],"up":[{"embeddable":true,"href":"http:\/\/www.adsizalkolikler.com\/index.php\/wp-json\/wp\/v2\/pages\/7"}],"wp:attachment":[{"href":"http:\/\/www.adsizalkolikler.com\/index.php\/wp-json\/wp\/v2\/media?parent=1319"}],"curies":[{"name":"wp","href":"https:\/\/api.w.org\/{rel}","templated":true}]}}