{"id":1329,"date":"2021-05-13T13:35:10","date_gmt":"2021-05-13T13:35:10","guid":{"rendered":"http:\/\/www.aatrtempsite.com\/?page_id=1329"},"modified":"2025-07-18T11:39:40","modified_gmt":"2025-07-18T11:39:40","slug":"bagis-icin","status":"publish","type":"page","link":"http:\/\/www.adsizalkolikler.com\/index.php\/bagis-icin\/","title":{"rendered":"Sat\u0131n Almalar\u0131n\u0131z \u0130\u00e7in"},"content":{"rendered":"<h1>7. Gelenek<\/h1>\n<p>Here A.A Grubu, d\u0131\u015far\u0131dan gelecek katk\u0131lar\u0131 reddederek, tam anlam\u0131yla kendi kendine yetmelidir.<\/p>\n<p>A.A. gruplar\u0131n\u0131n kendileri kendi \u00fcyelerinin g\u00f6n\u00fcll\u00fc katk\u0131lar\u0131yla desteklenmelidir. Bu ideali her grubun k\u0131sa s\u00fcrede ula\u015faca\u011f\u0131na; Ads\u0131z Alkolikler ad\u0131n\u0131 kullanarak, ister grup ister kul\u00fcp, hastane veya ba\u015fka te\u015fekk\u00fcllerle olsun halktan para toplaman\u0131n \u00e7ok tehlikeli; herhangi bir kaynaktan gelecek b\u00fcy\u00fck hediyelerin veya ne t\u00fcrl\u00fc olursa olsun bir yapt\u0131r\u0131mla gelen katk\u0131lar\u0131n kabul\u00fcn\u00fcn mahzurlu oldu\u011funa inan\u0131yoruz. Bu y\u00fczden de sa\u011fduyulu bir rezervin d\u0131\u015f\u0131nda bildirilen herhangi bir A.A. amac\u0131 bulunmadan b\u00fcy\u00fck kaynaklar bulunduran A.A. hazinelerini b\u00fcy\u00fck endi\u015fe ile izliyoruz. Deneyimler bizi manevi miras\u0131m\u0131z\u0131 para, m\u00fclk ve yetki hakk\u0131nda yap\u0131lan gereksiz tart\u0131\u015fmalar kadar hi\u00e7bir \u015feyin bozamayaca\u011f\u0131 hususunda uyarmaktad\u0131r.<\/p>\n<h1>Sat\u0131n Almalar\u0131n\u0131z i\u00e7in<\/h1>\n<p>Z\u0130RAAT BANKASI ANKARA NECAT\u0130BEY \u015eUBES\u0130<br \/>\nHESAP NO: 84825500-5001<br \/>\nIBAN NO : TR39 0001 0007 9584 8255 0050 01<\/p>\n<p>Al\u0131c\u0131 Ad\u0131 : Ads\u0131z Alkolikler Ay\u0131k Ya\u015fam Derne\u011fi<\/p>\n","protected":false},"excerpt":{"rendered":"<p>7. Gelenek Here A.A Grubu, d\u0131\u015far\u0131dan gelecek katk\u0131lar\u0131 reddederek, tam anlam\u0131yla kendi kendine yetmelidir. A.A. gruplar\u0131n\u0131n kendileri kendi \u00fcyelerinin g\u00f6n\u00fcll\u00fc katk\u0131lar\u0131yla desteklenmelidir. Bu ideali her grubun k\u0131sa s\u00fcrede ula\u015faca\u011f\u0131na; Ads\u0131z Alkolikler ad\u0131n\u0131 kullanarak, ister grup ister kul\u00fcp, hastane veya ba\u015fka te\u015fekk\u00fcllerle olsun halktan para toplaman\u0131n \u00e7ok tehlikeli; herhangi bir kaynaktan gelecek b\u00fcy\u00fck hediyelerin veya ne &hellip; <\/p>\n<p class=\"link-more\"><a href=\"http:\/\/www.adsizalkolikler.com\/index.php\/bagis-icin\/\" class=\"more-link\">Okumaya devam et<span class=\"screen-reader-text\"> &#8220;Sat\u0131n Almalar\u0131n\u0131z \u0130\u00e7in&#8221;<\/span><\/a><\/p>\n","protected":false},"author":1,"featured_media":0,"parent":0,"menu_order":0,"comment_status":"closed","ping_status":"closed","template":"","meta":{"footnotes":""},"class_list":["post-1329","page","type-page","status-publish","hentry"],"_links":{"self":[{"href":"http:\/\/www.adsizalkolikler.com\/index.php\/wp-json\/wp\/v2\/pages\/1329","targetHints":{"allow":["GET"]}}],"collection":[{"href":"http:\/\/www.adsizalkolikler.com\/index.php\/wp-json\/wp\/v2\/pages"}],"about":[{"href":"http:\/\/www.adsizalkolikler.com\/index.php\/wp-json\/wp\/v2\/types\/page"}],"author":[{"embeddable":true,"href":"http:\/\/www.adsizalkolikler.com\/index.php\/wp-json\/wp\/v2\/users\/1"}],"replies":[{"embeddable":true,"href":"http:\/\/www.adsizalkolikler.com\/index.php\/wp-json\/wp\/v2\/comments?post=1329"}],"version-history":[{"count":11,"href":"http:\/\/www.adsizalkolikler.com\/index.php\/wp-json\/wp\/v2\/pages\/1329\/revisions"}],"predecessor-version":[{"id":2262,"href":"http:\/\/www.adsizalkolikler.com\/index.php\/wp-json\/wp\/v2\/pages\/1329\/revisions\/2262"}],"wp:attachment":[{"href":"http:\/\/www.adsizalkolikler.com\/index.php\/wp-json\/wp\/v2\/media?parent=1329"}],"curies":[{"name":"wp","href":"https:\/\/api.w.org\/{rel}","templated":true}]}}