{"id":1349,"date":"2021-05-16T17:14:14","date_gmt":"2021-05-16T17:14:14","guid":{"rendered":"http:\/\/www.aatrtempsite.com\/?page_id=1349"},"modified":"2021-05-30T18:47:53","modified_gmt":"2021-05-30T18:47:53","slug":"acilis-formati","status":"publish","type":"page","link":"http:\/\/www.adsizalkolikler.com\/index.php\/about\/acilis-formati\/","title":{"rendered":"A\u00e7\u0131l\u0131\u015f Format\u0131"},"content":{"rendered":"<p><a href=\"http:\/\/www.adsizalkolikler.com\/wp-content\/uploads\/2021\/05\/Acilis_formati.docx\" target=\"_blank\" rel=\"noopener\"><img decoding=\"async\" class=\"alignright\" style=\"width: 30px; height: 30px;\" src=\"http:\/\/www.adsizalkolikler.com\/wp-content\/uploads\/2021\/05\/word.png\" alt=\"Word olarak gor\" \/><\/a><a href=\"http:\/\/www.adsizalkolikler.com\/wp-content\/uploads\/2021\/05\/Acilis_formati.pdf\" target=\"_blank\" rel=\"noopener\"><img decoding=\"async\" class=\"alignright\" style=\"width: 30px; height: 30px;\" src=\"http:\/\/www.adsizalkolikler.com\/wp-content\/uploads\/2021\/03\/pdf_icon.png\" alt=\"Pdf olarak gor\" \/><\/a><\/p>\n<p><span style=\"font-weight: 400;\">Merhaba arkada\u015flar;\u00a0<\/span><\/p>\n<p>&nbsp;<\/p>\n<p><span style=\"font-weight: 400;\">Ad\u0131m\u2026\u2026., ben bir alkoli\u011fim.<\/span><\/p>\n<p><span style=\"font-weight: 400;\">ADSIZ ALKOL\u0130KLER&#8230;&#8230;, tarihli &#8230;&#8230;.. GURUBU toplant\u0131s\u0131na ho\u015f geldiniz.\u00a0<\/span><\/p>\n<p><span style=\"font-weight: 400;\">Toplant\u0131ya ba\u015flamadan \u00f6nce birka\u00e7 hat\u0131rlatma yapmak istiyorum.<\/span><\/p>\n<p><span style=\"font-weight: 400;\">Aram\u0131zda i\u00e7kili olanlar veya ay\u0131k d\u00fc\u015f\u00fcnceyi engelleyen madde alanlar varsa, s\u00f6z almadan toplant\u0131n\u0131n sonuna kadar beklemelerini, bu ilk topIant\u0131n\u0131zsa konu\u015fmalar\u0131m\u0131z\u0131 dinlemenizi, kendinizi ba\u015fkalar\u0131yla mukayese etmemenizi,\u00a0<\/span><\/p>\n<p><span style=\"font-weight: 400;\">toplant\u0131 s\u00fcresince telefonlar\u0131n\u0131z\u0131 kapatman\u0131z\u0131, veya m\u00fcmk\u00fcnse\u00a0 zil sesini k\u0131sman\u0131z\u0131 rica ediyorum.<\/span><\/p>\n<p>&nbsp;<\/p>\n<p><span style=\"font-weight: 400;\">\u015eimdi sizleri halen \u0131zd\u0131rap \u00e7ekmete olan alkolikler i\u00e7in k\u0131sa bir s\u00fcre sessizli\u011fe ve ard\u0131ndan da &#8220;Huzur Duas\u0131na\u201c davet ediyorum.<\/span><\/p>\n<p>&nbsp;<\/p>\n<p><span style=\"font-weight: 400;\">TANRIM .<\/span><\/p>\n<p><span style=\"font-weight: 400;\">DE\u011e\u0130\u015eT\u0130REMEYECE\u011e\u0130M \u015eEYLER\u0130 KABULLENEB\u0130LMEM \u0130\u00c7\u0130N HUZUR;\u00a0<\/span><\/p>\n<p><span style=\"font-weight: 400;\">DE\u011e\u0130\u015eT\u0130REB\u0130LECEKLER\u0130M \u0130\u00c7\u0130N CESARET;<\/span><\/p>\n<p><span style=\"font-weight: 400;\">VE ARALAR\u0130NDAK\u0130 FARKI KAVRAYAB\u0130LMEM \u0130\u00c7\u0130N DE AKIL BA\u011eI\u015eLA&#8230;<\/span><\/p>\n<p>&nbsp;<\/p>\n<p><span style=\"font-weight: 400;\">ADSIZ ALKOL\u0130KLER,<\/span><\/p>\n<p><span style=\"font-weight: 400;\">Ortak sorunlar\u0131n\u0131 \u00e7\u00f6zebilmek ve di\u011fer alkoliklere yard\u0131mc\u0131 olabilmek i\u00e7in deneyimlerini, g\u00fc\u00e7lerini ve umutlar\u0131n\u0131 payla\u015fan ki\u015filerin bir araya geldikleri karde\u015flik kurulu\u015fudur.\u00a0<\/span><\/p>\n<p><span style=\"font-weight: 400;\">\u00dcyelik i\u00e7in tek \u015fart \u0130\u00c7K\u0130Y\u0130 BIRAKMA ARZUSU olup bizler, g\u00f6n\u00fcll\u00fc katk\u0131lar\u0131m\u0131zla ayakta durmaktay\u0131z.<\/span><\/p>\n<p><span style=\"font-weight: 400;\">A.A. hi\u00e7bir grup, barikat, siyaset, \u00f6rg\u00fct yada kurulu\u015fa ba\u011fl\u0131 de\u011fildir. Hi\u00e7bir anla\u015fmazl\u0131\u011fa kar\u0131\u015fmak istemez ve taraf olmaz. \u00d6nde gelen amac\u0131m\u0131z ay\u0131k kalmak ve di\u011fer alkoliklerin ay\u0131k kalmas\u0131na yard\u0131mc\u0131 olmakt\u0131r.<\/span><\/p>\n<p><span style=\"font-weight: 400;\">A.A. PROGRAMA &#8220;NASIL UYGULANIR?\u201c \u0131n okunmas\u0131n\u0131 rica ediyorum.<\/span><\/p>\n<p><span style=\"font-weight: 400;\">Bizim i\u00e7in &#8220;VAATLER\u201dimizi okur musunuz?<\/span><\/p>\n<p><span style=\"font-weight: 400;\">&#8220;ON \u0130K\u0130 GELENEK\u201c L\u00fctfen.<\/span><\/p>\n<p><span style=\"font-weight: 400;\">Aram\u0131za yeni kat\u0131lan var m\u0131? Varsa adlar\u0131n\u0131 \u00f6\u011frenip, hep birlikte &#8220;HO\u015e GELD\u0130N\u201c diyelim.<\/span><\/p>\n<p><span style=\"font-weight: 400;\">Ziyaret\u00e7ilerimiz var m\u0131? Kapal\u0131 toplant\u0131lar\u0131m\u0131za alkolik olmayan ziyaret\u00e7i alam\u0131yoruz.<\/span><\/p>\n<p><span style=\"font-weight: 400;\">A.A. ya\u015f g\u00fcn\u00fcn\u00fc kutlayanlar; 24 saat, 1 ay, 3 ay, 6 \u2013 9 ay, 1 y\u0131l, 2 y\u0131l, 3 y\u0131l ve daha fazla.<\/span><\/p>\n<p><span style=\"font-weight: 400;\">Konu\u015fmalar\u0131n ## dakikadan fazla olmamas\u0131n\u0131 rica ediyoruz<\/span><\/p>\n<p><span style=\"font-weight: 400;\">Bu toplant\u0131n\u0131n bir A.A. Toplant\u0131s\u0131 oldu\u011funu g\u00f6z \u00f6n\u00fcne alarak, konu\u015fma ve payla\u015f\u0131mlar\u0131niz\u0131 alkolizm ve bu hastal\u0131ktan iyile\u015fme konular\u0131yla ilgili yapman\u0131z\u0131 rica ederiz. Di\u011fer konular\u0131 toplant\u0131 sonras\u0131nda ele alabiliriz.<\/span><\/p>\n<p>&nbsp;<\/p>\n<p><span style=\"font-weight: 400;\">KAPANI\u015e<\/span><\/p>\n<p>&nbsp;<\/p>\n<p><span style=\"font-weight: 400;\">Hepimiz i\u00e7in \u00e7ok yararl\u0131 bir toplant\u0131 oldu. T\u00fcm kat\u0131lanlara ayr\u0131 ayr\u0131 te\u015fekk\u00fcr ederim.<\/span><\/p>\n<p><span style=\"font-weight: 400;\">\u0130htiyac\u0131n\u0131z olan\u0131 bu geli\u015finizde duymad\u0131ysan\u0131z, bir sonraki toplant\u0131da duyabilirsiniz..<\/span><\/p>\n<p><span style=\"font-weight: 400;\">GELMEYE DEVAM EDIN.<\/span><\/p>\n<p><span style=\"font-weight: 400;\">Toplant\u0131y\u0131 kapatmadan \u00f6nce eklamek istedi\u011finiz bir \u015fey var m\u0131?<\/span><\/p>\n<p><span style=\"font-weight: 400;\">Duyurusu olan?<\/span><\/p>\n<p><span style=\"font-weight: 400;\">Ads\u0131zl\u0131k konusundaki GELENE\u011e\u0130M\u0130Z\u0130 hat\u0131rlat\u0131r\u0131m :<\/span><\/p>\n<p><span style=\"font-weight: 400;\">&#8220;Burada konu\u015ftuklar\u0131m\u0131z, burada duyduklar\u0131m\u0131z, burada g\u00f6rd\u00fcklerimiz, Burada kal\u0131r.<\/span><\/p>\n<p><span style=\"font-weight: 400;\">A.A. lar toplant\u0131 yapt\u0131klar\u0131 yerden belli olur.<\/span><\/p>\n<p><span style=\"font-weight: 400;\">\u015eimdir toplant\u0131y\u0131 Huzur Duas\u0131 ile kapatmam i\u00e7in l\u00fctfen bana yard\u0131mc\u0131 olun.<\/span><\/p>\n","protected":false},"excerpt":{"rendered":"<p>Merhaba arkada\u015flar;\u00a0 &nbsp; Ad\u0131m\u2026\u2026., ben bir alkoli\u011fim. ADSIZ ALKOL\u0130KLER&#8230;&#8230;, tarihli &#8230;&#8230;.. GURUBU toplant\u0131s\u0131na ho\u015f geldiniz.\u00a0 Toplant\u0131ya ba\u015flamadan \u00f6nce birka\u00e7 hat\u0131rlatma yapmak istiyorum. Aram\u0131zda i\u00e7kili olanlar veya ay\u0131k d\u00fc\u015f\u00fcnceyi engelleyen madde alanlar varsa, s\u00f6z almadan toplant\u0131n\u0131n sonuna kadar beklemelerini, bu ilk topIant\u0131n\u0131zsa konu\u015fmalar\u0131m\u0131z\u0131 dinlemenizi, kendinizi ba\u015fkalar\u0131yla mukayese etmemenizi,\u00a0 toplant\u0131 s\u00fcresince telefonlar\u0131n\u0131z\u0131 kapatman\u0131z\u0131, veya m\u00fcmk\u00fcnse\u00a0 zil sesini &hellip; <\/p>\n<p class=\"link-more\"><a href=\"http:\/\/www.adsizalkolikler.com\/index.php\/about\/acilis-formati\/\" class=\"more-link\">Okumaya devam et<span class=\"screen-reader-text\"> &#8220;A\u00e7\u0131l\u0131\u015f Format\u0131&#8221;<\/span><\/a><\/p>\n","protected":false},"author":1,"featured_media":0,"parent":13,"menu_order":0,"comment_status":"closed","ping_status":"closed","template":"","meta":{"footnotes":""},"class_list":["post-1349","page","type-page","status-publish","hentry"],"_links":{"self":[{"href":"http:\/\/www.adsizalkolikler.com\/index.php\/wp-json\/wp\/v2\/pages\/1349","targetHints":{"allow":["GET"]}}],"collection":[{"href":"http:\/\/www.adsizalkolikler.com\/index.php\/wp-json\/wp\/v2\/pages"}],"about":[{"href":"http:\/\/www.adsizalkolikler.com\/index.php\/wp-json\/wp\/v2\/types\/page"}],"author":[{"embeddable":true,"href":"http:\/\/www.adsizalkolikler.com\/index.php\/wp-json\/wp\/v2\/users\/1"}],"replies":[{"embeddable":true,"href":"http:\/\/www.adsizalkolikler.com\/index.php\/wp-json\/wp\/v2\/comments?post=1349"}],"version-history":[{"count":8,"href":"http:\/\/www.adsizalkolikler.com\/index.php\/wp-json\/wp\/v2\/pages\/1349\/revisions"}],"predecessor-version":[{"id":1399,"href":"http:\/\/www.adsizalkolikler.com\/index.php\/wp-json\/wp\/v2\/pages\/1349\/revisions\/1399"}],"up":[{"embeddable":true,"href":"http:\/\/www.adsizalkolikler.com\/index.php\/wp-json\/wp\/v2\/pages\/13"}],"wp:attachment":[{"href":"http:\/\/www.adsizalkolikler.com\/index.php\/wp-json\/wp\/v2\/media?parent=1349"}],"curies":[{"name":"wp","href":"https:\/\/api.w.org\/{rel}","templated":true}]}}