{"id":1353,"date":"2021-05-16T17:17:19","date_gmt":"2021-05-16T17:17:19","guid":{"rendered":"http:\/\/www.aatrtempsite.com\/?page_id=1353"},"modified":"2025-12-13T14:59:41","modified_gmt":"2025-12-13T14:59:41","slug":"vaatler","status":"publish","type":"page","link":"http:\/\/www.adsizalkolikler.com\/index.php\/about\/acilis-formati\/vaatler\/","title":{"rendered":"Vaatler"},"content":{"rendered":"<p><a href=\"http:\/\/www.adsizalkolikler.com\/wp-content\/uploads\/2021\/08\/Vaatler.docx\" target=\"_blank\" rel=\"noopener\"><img decoding=\"async\" class=\"alignright\" style=\"width: 30px; height: 30px;\" src=\"http:\/\/www.adsizalkolikler.com\/wp-content\/uploads\/2021\/05\/word.png\" alt=\"Word olarak gor\" \/><\/a><a href=\"http:\/\/www.adsizalkolikler.com\/wp-content\/uploads\/2021\/08\/Vaatler.pdf\" target=\"_blank\" rel=\"noopener\"><img decoding=\"async\" class=\"alignright\" style=\"width: 30px; height: 30px;\" src=\"http:\/\/www.adsizalkolikler.com\/wp-content\/uploads\/2021\/03\/pdf_icon.png\" alt=\"Pdf olarak gor\" \/><\/a><\/p>\n<p><strong>Vaatlerimiz<\/strong><\/p>\n<ol>\n<li><span style=\"font-weight: 400;\">E\u011fer geli\u015fmemizin bu a\u015famas\u0131nda \u00e7aba g\u00f6steriyorsak, daha yolun yar\u0131s\u0131na varmadan hayretler i\u00e7inde kalaca\u011f\u0131z.<\/span><\/li>\n<li><span style=\"font-weight: 400;\">Yepyeni bir \u00f6zg\u00fcrl\u00fck ve mutlulukla kar\u0131\u015f\u0131laca\u011f\u0131z.<\/span><\/li>\n<li><span style=\"font-weight: 400;\">Ne ge\u00e7mi\u015ften pi\u015fmanl\u0131k duyaca\u011f\u0131z ne de \u00fczerine s\u00fcnger \u00e7ekece\u011fiz.<\/span><\/li>\n<li><span style=\"font-weight: 400;\">Huzur kelimesi bir anlam kazanacak ve bar\u0131\u015fla tan\u0131\u015faca\u011f\u0131z.<\/span><\/li>\n<li><span style=\"font-weight: 400;\">Ya\u015fam standart\u0131m\u0131z ne derece d\u00fc\u015f\u00fck olursa olsun, deneyimlerimizin ba\u015fkalar\u0131 i\u00e7in ne kadar yararl\u0131 oldu\u011funu g\u00f6rece\u011fiz.<\/span><\/li>\n<li><span style=\"font-weight: 400;\">\u0130\u015fe yaramama ve kendine ac\u0131ma duygular\u0131 yok olacak.<\/span><\/li>\n<li><span style=\"font-weight: 400;\">Bencil bir ya\u015fam tarz\u0131ndan uzakla\u015f\u0131p \u00e7evremizle ilgilenmeye ba\u015flayaca\u011f\u0131z.<\/span><\/li>\n<li><span style=\"font-weight: 400;\">Kendini ispat etme duygusu kaybolup gidecek.<\/span><\/li>\n<li><span style=\"font-weight: 400;\">Ya\u015fama kar\u015f\u0131 tavr\u0131m\u0131z ve bak\u0131\u015f\u0131m\u0131z tamamen de\u011fi\u015fecek.<\/span><\/li>\n<li><span style=\"font-weight: 400;\">\u0130nsan korkusu ve ekonomik yetersizlik duygular\u0131 bizi terk edecek.<\/span><\/li>\n<li><span style=\"font-weight: 400;\">Daha \u00f6nce bocalad\u0131\u011f\u0131m\u0131z durumlarla, i\u00e7g\u00fcd\u00fcsel olarak ba\u015f edebilece\u011fiz.<\/span><\/li>\n<li><span style=\"font-weight: 400;\">Aniden kendimiz i\u00e7in yapamad\u0131klar\u0131m\u0131z\u0131, Tanr\u0131&#8217;n\u0131n bizim i\u00e7in yapmakta oldu\u011funu fark edece\u011fiz.<\/span><\/li>\n<\/ol>\n<p><span style=\"font-weight: 400;\">Bunlar ola\u011fan\u00fcst\u00fc vaatler mi? <strong>Sanm\u0131yoruz<\/strong><\/span><\/p>\n<p><span style=\"font-weight: 400;\">Bu vaatler bazen h\u0131zl\u0131 bazen yava\u015f aram\u0131zda ger\u00e7ekle\u015fmektedir.<\/span><\/p>\n<p><span style=\"font-weight: 400;\">Bizler emek verdi\u011fimiz s\u00fcrece de daima ger\u00e7ekle\u015fecektir.<\/span><\/p>\n","protected":false},"excerpt":{"rendered":"<p>Vaatlerimiz E\u011fer geli\u015fmemizin bu a\u015famas\u0131nda \u00e7aba g\u00f6steriyorsak, daha yolun yar\u0131s\u0131na varmadan hayretler i\u00e7inde kalaca\u011f\u0131z. Yepyeni bir \u00f6zg\u00fcrl\u00fck ve mutlulukla kar\u0131\u015f\u0131laca\u011f\u0131z. Ne ge\u00e7mi\u015ften pi\u015fmanl\u0131k duyaca\u011f\u0131z ne de \u00fczerine s\u00fcnger \u00e7ekece\u011fiz. Huzur kelimesi bir anlam kazanacak ve bar\u0131\u015fla tan\u0131\u015faca\u011f\u0131z. Ya\u015fam standart\u0131m\u0131z ne derece d\u00fc\u015f\u00fck olursa olsun, deneyimlerimizin ba\u015fkalar\u0131 i\u00e7in ne kadar yararl\u0131 oldu\u011funu g\u00f6rece\u011fiz. \u0130\u015fe yaramama ve &hellip; <\/p>\n<p class=\"link-more\"><a href=\"http:\/\/www.adsizalkolikler.com\/index.php\/about\/acilis-formati\/vaatler\/\" class=\"more-link\">Okumaya devam et<span class=\"screen-reader-text\"> &#8220;Vaatler&#8221;<\/span><\/a><\/p>\n","protected":false},"author":1,"featured_media":0,"parent":1349,"menu_order":0,"comment_status":"closed","ping_status":"closed","template":"","meta":{"footnotes":""},"class_list":["post-1353","page","type-page","status-publish","hentry"],"_links":{"self":[{"href":"http:\/\/www.adsizalkolikler.com\/index.php\/wp-json\/wp\/v2\/pages\/1353","targetHints":{"allow":["GET"]}}],"collection":[{"href":"http:\/\/www.adsizalkolikler.com\/index.php\/wp-json\/wp\/v2\/pages"}],"about":[{"href":"http:\/\/www.adsizalkolikler.com\/index.php\/wp-json\/wp\/v2\/types\/page"}],"author":[{"embeddable":true,"href":"http:\/\/www.adsizalkolikler.com\/index.php\/wp-json\/wp\/v2\/users\/1"}],"replies":[{"embeddable":true,"href":"http:\/\/www.adsizalkolikler.com\/index.php\/wp-json\/wp\/v2\/comments?post=1353"}],"version-history":[{"count":6,"href":"http:\/\/www.adsizalkolikler.com\/index.php\/wp-json\/wp\/v2\/pages\/1353\/revisions"}],"predecessor-version":[{"id":2336,"href":"http:\/\/www.adsizalkolikler.com\/index.php\/wp-json\/wp\/v2\/pages\/1353\/revisions\/2336"}],"up":[{"embeddable":true,"href":"http:\/\/www.adsizalkolikler.com\/index.php\/wp-json\/wp\/v2\/pages\/1349"}],"wp:attachment":[{"href":"http:\/\/www.adsizalkolikler.com\/index.php\/wp-json\/wp\/v2\/media?parent=1353"}],"curies":[{"name":"wp","href":"https:\/\/api.w.org\/{rel}","templated":true}]}}