{"id":3,"date":"2020-09-15T15:18:15","date_gmt":"2020-09-15T15:18:15","guid":{"rendered":"http:\/\/www.aatrtempsite.com\/?page_id=3"},"modified":"2021-05-12T19:50:44","modified_gmt":"2021-05-12T19:50:44","slug":"privacy-policy","status":"publish","type":"page","link":"http:\/\/www.adsizalkolikler.com\/index.php\/privacy-policy\/","title":{"rendered":"Gizlilik Politikas\u0131"},"content":{"rendered":"<h1>Gizlilik Politikas\u0131<\/h1>\n<p style=\"text-align: right;\">Bu Gizlilik Politikas\u0131 en son 12 Haziran 2021&#8217;de g\u00fcncellenmi\u015ftir.<\/p>\n<h2>Gizlilik ve \u00c7erez Politikalar\u0131<\/h2>\n<h3>Gizlilik Politikas\u0131<br \/>\nBu Gizlilik Politikas\u0131 en son 24 Temmuz 2020&#8217;de g\u00fcncellenmi\u015ftir.<br \/>\nWww.AA.org web sitesini ziyaret etti\u011finiz ve Gizlilik Politikam\u0131z\u0131 g\u00f6zden ge\u00e7irdi\u011finiz i\u00e7in te\u015fekk\u00fcr ederiz. Bu politika, A.A.W.S. sizinle ilgili ki\u015fisel bilgileri toplar, kullan\u0131r, payla\u015f\u0131r ve korur (yani sizi ki\u015fisel olarak tan\u0131mlayabilen veya kimli\u011finizi belirlemek i\u00e7in di\u011fer bilgi kaynaklar\u0131 ile birlikte kullan\u0131labilen bilgiler). Bu politika, bize g\u00f6nderdi\u011finiz ki\u015fisel bilgiler ve a\u015fa\u011f\u0131da a\u00e7\u0131kland\u0131\u011f\u0131 gibi web sitemizle veya A.A.W.S. ile etkile\u015fim kurdu\u011funuzda hakk\u0131n\u0131zda toplad\u0131\u011f\u0131m\u0131z di\u011fer bilgiler i\u00e7in ge\u00e7erlidir. WEB S\u0130TES\u0130N\u0130 KULLANMADAN VEYA A.A.W.S.&#8217;YE B\u0130LG\u0130 VERMEDEN \u00d6NCE L\u00dcTFEN A\u015eA\u011eIDAK\u0130 \u015eARTLARI D\u0130KKATL\u0130CE OKUYUN. D\u0130\u011eER HERHANG\u0130 B\u0130R ARA\u00c7LA.<br \/>\nBelirli uygulamalar ve etkinlikler, ilgili uygulamalar ve etkinliklerle ba\u011flant\u0131l\u0131 olarak payla\u015f\u0131lacak olan ek veya farkl\u0131 gizlilik bildirimlerine tabi olabilir. Bu bildirimler referans olarak bu Gizlilik Politikas\u0131na dahil edilmi\u015ftir, ancak bu politikayla \u00e7eli\u015ftikleri durumlarda ek bildirimler kontrol edilir.<br \/>\nA.A.W.S. bu Gizlilik Politikas\u0131n\u0131 herhangi bir zamanda bu sayfada g\u00fcncellenmi\u015f bir politika yay\u0131nlayarak de\u011fi\u015ftirebilir. A.A.W.S. bu Gizlilik Politikas\u0131nda herhangi bir \u00f6nemli de\u011fi\u015fiklik yapt\u0131\u011f\u0131nda, Gizlilik Politikas\u0131n\u0131n en son revize edildi\u011fi tarihi bu sayfan\u0131n \u00fcst k\u0131sm\u0131nda g\u00f6sterecektir.<\/h3>\n<h3>1. Toplad\u0131\u011f\u0131m\u0131z Ki\u015fisel Bilgiler<\/h3>\n<h3>G\u00f6nderdi\u011finiz Bilgiler<br \/>\nWeb sitemizi kullanman\u0131z, uygulamalar\u0131m\u0131z\u0131 indirmeniz ve kullanman\u0131z ve faaliyetlere kat\u0131l\u0131m\u0131n\u0131zla ba\u011flant\u0131l\u0131 olarak belirli ki\u015fisel bilgileri g\u00f6nderebilirsiniz. \u00d6rne\u011fin, web sitemizden \u00fcr\u00fcn sat\u0131n al\u0131rsan\u0131z, bir katk\u0131da bulunursan\u0131z veya etkinliklerimizden birine kaydolursan\u0131z, ad\u0131n\u0131z\u0131, e-posta adresinizi, telefon numaran\u0131z\u0131, kredi kart\u0131 bilgilerinizi ve adresinizi girmeniz istenebilir. Ayr\u0131ca bilgi, m\u00fc\u015fteri hizmetleri veya ba\u015fka yard\u0131m talep etti\u011finizde, bizden Daily Reflections veya di\u011fer haber b\u00fcltenleri veya ileti\u015fimleri almak i\u00e7in kaydoldu\u011funuzda, ki\u015fisel hikayenizi g\u00f6nderdi\u011finizde veya bizimle ba\u015fka bir \u015fekilde ileti\u015fim kurdu\u011funuzda da ki\u015fisel bilgilerinizi g\u00f6nderebilirsiniz.<\/h3>\n<p>Ki\u015fisel bilgilerinizi bir ba\u015fkas\u0131 ad\u0131na g\u00f6nderirseniz, A.A.W.S. sa\u011flamak i\u00e7in onlar\u0131n yetkisine ve r\u0131zas\u0131na sahip oldu\u011funuzu do\u011frulamal\u0131 ve onaylamal\u0131s\u0131n\u0131z. ki\u015fisel bilgileriyle.<br \/>\nWeb sitemizi, uygulamalar\u0131m\u0131z\u0131 ve \u00e7evrimi\u00e7i i\u00e7eri\u011fimizi size sunmam\u0131z\u0131, sipari\u015flerinizi ve katk\u0131lar\u0131n\u0131z\u0131 i\u015flememizi, etkinlikleri y\u00f6netmemizi ve sunulan di\u011fer etkinlikleri sa\u011flamam\u0131z\u0131 sa\u011flayan \u00fc\u00e7\u00fcnc\u00fc taraf hizmet sa\u011flay\u0131c\u0131lar\u0131m\u0131zdan, yaz\u0131l\u0131mlar\u0131m\u0131zdan veya uygulamalar\u0131m\u0131zdan hakk\u0131n\u0131zda ki\u015fisel bilgiler alabiliriz. AAWS taraf\u0131ndan.<br \/>\nHizmet sa\u011flay\u0131c\u0131lar\u0131m\u0131z s\u00f6zle\u015fmeye ba\u011fl\u0131 olarak ki\u015fisel bilgilerinizi yaln\u0131zca talimatlar\u0131m\u0131za ve bu Gizlilik Politikas\u0131na uygun olarak kullanmakla y\u00fck\u00fcml\u00fcd\u00fcr. Onay\u0131n\u0131zla, hizmet sa\u011flay\u0131c\u0131lar ki\u015fisel bilgilerinizi s\u00f6z konusu sa\u011flay\u0131c\u0131n\u0131n gizlilik politikas\u0131nda belirtildi\u011fi gibi ba\u015fka ama\u00e7lar i\u00e7in kullanabilir.<br \/>\nOtomatik Olarak Toplanan Bilgiler<\/p>\n<p>Web sitemizi iyile\u015ftirmek ve web hizmetlerimizi ihtiya\u00e7lar\u0131n\u0131za g\u00f6re uyarlamak i\u00e7in A.A.W.S. ayr\u0131ca web sitemizi kulland\u0131\u011f\u0131n\u0131zda sizin hakk\u0131n\u0131zda otomatik olarak bilgi toplayabilir. Bilgi t\u00fcr\u00fc<br \/>\ntoplanan, bilgisayar\u0131n\u0131z, mobil cihaz\u0131n\u0131z veya web sitesine veya di\u011fer uygulamalara eri\u015fmek i\u00e7in kulland\u0131\u011f\u0131n\u0131z di\u011fer cihazlarla ilgili bilgileri i\u00e7erir; bunlar, \u00f6rne\u011fin IP adresi, co\u011frafi konum bilgileri, benzersiz cihaz tan\u0131mlay\u0131c\u0131lar\u0131, taray\u0131c\u0131 t\u00fcr\u00fc, taray\u0131c\u0131 dili de i\u00e7erebilir. ve di\u011fer i\u015flem bilgileri. Web sitemizi ve uygulamalar\u0131m\u0131z\u0131 kullan\u0131m\u0131n\u0131z hakk\u0131nda, \u00f6rne\u011fin web sitemizde ziyaret etti\u011finiz sayfalar\u0131n okuma ge\u00e7mi\u015fini i\u00e7erebilecek bilgileri de toplayabiliriz.<br \/>\nKonferanslar\u0131m\u0131z ve Etkinliklerimiz S\u0131ras\u0131nda Toplanan Bilgiler<br \/>\nKonferans ve etkinliklerimizde foto\u011fraf \u00e7ekebiliriz. (T\u00fcm foto\u011fraflarda veya bildirimlerde A.A. \u00fcyelerinin anonimli\u011fini korumak i\u00e7in her t\u00fcrl\u00fc \u00e7aba g\u00f6sterilmektedir.) Onay\u0131n\u0131z\u0131 istedi\u011finiz zaman geri \u00e7ekebilirsiniz.<br \/>\nYerel Gruplardan, Gruplar aras\u0131 \/ Merkez Ofislerden ve B\u00f6lge Komitelerinden gelen bilgiler<\/p>\n<p>Yerel gruplar, gruplar aras\u0131 \/ merkez ofisler ve b\u00f6lge komiteleri AAWS&#8217;nin bir par\u00e7as\u0131 de\u011fildir ve gruplar, gruplar aras\u0131 \/ merkez ofisler veya b\u00f6lge komiteleri i\u00e7in dahili ileti\u015fim rehberimizde listelenmeyi a\u00e7\u0131k\u00e7a kabul etmedi\u011finiz s\u00fcrece AAWS ile sizinle ilgili bilgileri payla\u015fmaz , Burs hakk\u0131nda bildirim ve g\u00fcncelleme g\u00f6ndermek amac\u0131yla kullan\u0131lacakt\u0131r.<\/p>\n<p>2. \u00c7erez Kullan\u0131m\u0131<br \/>\nBir\u00e7ok web sitesi gibi, A.A.W.S. cihaz\u0131n\u0131zda depolanan ve A.A.W.S.&#8217;ye yard\u0131mc\u0131 olan dosyalar olan \u00e7erezleri kullanabilir. kullan\u0131c\u0131lar\u0131 tan\u0131mlay\u0131n ve web sitesi deneyimlerini optimize edin. Taray\u0131c\u0131lar\u0131n \u00e7o\u011fu tan\u0131mlama bilgilerini otomatik olarak kabul eder ancak bunlar\u0131 devre d\u0131\u015f\u0131 b\u0131rakman\u0131za izin verir. Size daha iyi bir deneyim sunabilmemiz i\u00e7in tan\u0131mlama bilgilerini etkin b\u0131rakman\u0131z\u0131 \u00f6neririz. A.A.W.S. kal\u0131c\u0131 olan ve cihaz\u0131n\u0131zdan silinemeyen \u00e7erezleri veya di\u011fer izleme y\u00f6ntemlerini b\u0131rakmayacakt\u0131r. IP adresiniz, aramalar\u0131n\u0131z ve di\u011fer kullan\u0131m bilgileriniz Matomo veya Google analitik hizmet sa\u011flay\u0131c\u0131lar\u0131 taraf\u0131ndan toplanabilir, ancak yaln\u0131zca web sitemizi geli\u015ftirmemize yard\u0131mc\u0131 olmak i\u00e7in toplu veriler olu\u015fturmak i\u00e7in. Taray\u0131c\u0131n\u0131zda \u00e7erez kullan\u0131m\u0131n\u0131 devre d\u0131\u015f\u0131 b\u0131rakabilirsiniz. Taray\u0131c\u0131n\u0131zda \u00e7erez kullan\u0131m\u0131n\u0131 devre d\u0131\u015f\u0131 b\u0131rak\u0131rsan\u0131z, web sitemizin belirli i\u015flevlerine eri\u015femeyebilirsiniz. \u00c7erez kullan\u0131m\u0131m\u0131z hakk\u0131nda daha fazla bilgi edinmek i\u00e7in l\u00fctfen \u00c7erez Politikam\u0131za bak\u0131n.<\/p>\n<p>\u00dc\u00e7\u00fcnc\u00fc taraf sa\u011flay\u0131c\u0131lar\u0131m\u0131z bazen cihaz\u0131n\u0131za \u00e7erez b\u0131rakabilir. \u00d6rne\u011fin, A.A.W.S. Ayr\u0131ca, web sitemize veya di\u011fer web sitelerine yapt\u0131\u011f\u0131n\u0131z \u00f6nceki ziyaretlerinize ba\u011fl\u0131 olarak, \u00fc\u00e7\u00fcnc\u00fc taraf sat\u0131c\u0131lar\u0131n reklamlar\u0131n\u0131 sunmalar\u0131na ve web sitemizi ziyaret etti\u011finizde bunlar\u0131 size g\u00f6stermelerine yard\u0131mc\u0131 olmak i\u00e7in Google Ads&#8217;i kullan\u0131r. A.A.W.S. bu \u00e7erezleri kontrol etmez ve bu \u00e7erezler bu politikan\u0131n kapsam\u0131 d\u0131\u015f\u0131nda kal\u0131r. Google&#8217;\u0131n ki\u015fiselle\u015ftirilmi\u015f reklamc\u0131l\u0131\u011f\u0131n\u0131 devre d\u0131\u015f\u0131 b\u0131rakmak i\u00e7in l\u00fctfen https:\/\/www.google.com\/settings\/ads adresini ziyaret edin veya www.aboutads.info adresini ziyaret ederek \u00fc\u00e7\u00fcnc\u00fc taraf bir sat\u0131c\u0131n\u0131n ki\u015fiselle\u015ftirilmi\u015f reklamc\u0131l\u0131k i\u00e7in \u00e7erez kullan\u0131m\u0131n\u0131 devre d\u0131\u015f\u0131 b\u0131rak\u0131n.<\/p>\n<p>3. Bilgileri Kullan\u0131m\u0131m\u0131z<br \/>\nBilgilerinizi web sitemizi, uygulamalar\u0131m\u0131z\u0131, sipari\u015flerimizi ve etkinliklerimizi sa\u011flamak ve geli\u015ftirmek ve web sitesi, uygulamalar, sipari\u015fler ve etkinliklerle ilgili deneyiminizi ki\u015fiselle\u015ftirmek i\u00e7in kullanabiliriz. \u00d6rne\u011fin, ki\u015fisel bilgilerinizi \u015fu ama\u00e7larla kullanabiliriz:<br \/>\n\u2022 sipari\u015fleri, katk\u0131lar\u0131 ve di\u011fer i\u015flemleri i\u015flemek ve yerine getirmek;<br \/>\n\u2022 talep etti\u011finiz seyahat d\u00fczenlemeleri ve \u00f6zel konaklama yerleri dahil olmak \u00fczere etkinliklere kat\u0131l\u0131m\u0131n\u0131z\u0131 organize etmek ve koordine etmek;<br \/>\n\u2022 g\u00f6nderdi\u011finiz hesab\u0131n\u0131z veya bilgileriniz hakk\u0131nda sizinle ileti\u015fim kurmak, m\u00fc\u015fteri hizmetleri veya di\u011fer yard\u0131m veya bilgiler i\u00e7in sorular\u0131n\u0131za ve taleplerinize yan\u0131t vermek;<br \/>\n\u2022 G\u00fcnl\u00fck D\u00fc\u015f\u00fcnceler, haber b\u00fcltenleri ve talep etti\u011finiz di\u011fer ileti\u015fimleri g\u00f6ndermek;<br \/>\n\u2022 politikalar\u0131m\u0131zdaki de\u011fi\u015fiklikleri size bildirmek;<br \/>\n\u2022 web sitemizi, uygulamalar\u0131m\u0131z\u0131, i\u00e7eri\u011fimizi, \u00fcr\u00fcnlerimizi, etkinliklerimizi, etkinliklerimizi, ileti\u015fimlerimizi ve operasyonlar\u0131m\u0131z\u0131 optimize etmek veya iyile\u015ftirmek;<br \/>\n\u2022 ilginizi \u00e7ekebilece\u011fini d\u00fc\u015f\u00fcnd\u00fc\u011f\u00fcm\u00fcz web siteleri, uygulamalar, i\u00e7erik, \u00fcr\u00fcnler, etkinlikler, etkinlikler, promosyonlar, \u00f6zellikler ve i\u015flevler hakk\u0131nda sizi bilgilendirmek; ve<br \/>\n\u2022 \u015fartlar\u0131m\u0131z\u0131 veya politikalar\u0131m\u0131z\u0131, ge\u00e7erli yasa veya y\u00f6netmelikleri veya herhangi bir ki\u015fi, kurulu\u015f veya kurulu\u015fun haklar\u0131n\u0131 ihlal edebilecek etkinlikleri tespit etmek, ara\u015ft\u0131rmak ve \u00f6nlemek.<\/p>\n<p>4. Bilgilerin Saklanmas\u0131<br \/>\nYasalar gere\u011fi daha uzun s\u00fcre saklamam\u0131z gerekmedik\u00e7e ki\u015fisel bilgilerinizi, g\u00f6nderilme veya toplanma ama\u00e7lar\u0131yla ba\u011flant\u0131l\u0131 olarak art\u0131k ihtiyac\u0131m\u0131z kalmad\u0131\u011f\u0131 anda sileriz ve yaln\u0131zca bu Gizlilik Politikas\u0131na uygun olarak saklar\u0131z. .<br \/>\nBir etkinlik i\u00e7in bir sipari\u015fi, katk\u0131y\u0131 veya kayd\u0131 iptal etti\u011finizde veya bir etkinli\u011fe kat\u0131lmay\u0131 veya bir \u00fcr\u00fcn\u00fc, uygulamay\u0131, \u00f6zelli\u011fi, etkinli\u011fi veya promosyonu kullanmay\u0131 b\u0131rakt\u0131\u011f\u0131n\u0131zda, ki\u015fisel bilgilerinizi i\u015fleyen hizmet sa\u011flay\u0131c\u0131, sahip oldu\u011fu ki\u015fisel bilgilerinizi otomatik olarak silemez. daha \u00f6nce, toplanma amac\u0131 i\u00e7in bilgi hala gerekliyse al\u0131nd\u0131.<br \/>\nOnlara verdi\u011finiz ki\u015fisel bilgileri nas\u0131l kullanabileceklerini anlad\u0131\u011f\u0131n\u0131zdan emin olmak i\u00e7in bu hizmet sa\u011flay\u0131c\u0131lar\u0131n, kurulu\u015flar\u0131n ve \u015firketlerin gizlilik bildirimlerini okuman\u0131z\u0131 \u00f6neririz. Ki\u015fisel bilgilerinizi i\u015fleme \u015fekillerine ili\u015fkin endi\u015feleriniz varsa, do\u011frudan hizmet sa\u011flay\u0131c\u0131larla ileti\u015fime ge\u00e7ebilirsiniz.<\/p>\n<p>5. Bilgilerin \u0130f\u015fas\u0131<br \/>\nKi\u015fisel Bilgilerinizi yaln\u0131zca bu Gizlilik Politikas\u0131nda a\u00e7\u0131kland\u0131\u011f\u0131 \u015fekilde di\u011fer kurulu\u015flara, \u015firketlere ve bireylere if\u015fa edece\u011fiz.<\/p>\n<p>Servis sa\u011flay\u0131c\u0131lar\u0131<br \/>\nA.A.W.S. A.A.W.S.&#8217;ye kredi kart\u0131 i\u015fleme, sipari\u015f yerine getirme, pazarlama, veritaban\u0131 bar\u0131nd\u0131rma, web analiti\u011fi ve m\u00fc\u015fteri hizmeti sa\u011flama gibi hizmetler sa\u011flayan \u00fc\u00e7\u00fcnc\u00fc taraf y\u00fckleniciler ve acentelerle zaman zaman g\u00f6revlendirilir. Bu varl\u0131klar, i\u015flevlerini yerine getirmek i\u00e7in Ki\u015fisel Bilgilere eri\u015febilir. Onlarla payla\u015ft\u0131\u011f\u0131m\u0131z bilgileri ba\u015fka herhangi bir ama\u00e7la kullanma yetkisi vermiyoruz.<br \/>\nYasal Olarak Zorunlu \u0130f\u015falar<br \/>\nA.A.W.S. ki\u015fisel bilgileri, mahkeme emirlerine ve celplere yan\u0131t olarak dahil ancak bunlarla s\u0131n\u0131rl\u0131 olmamak \u00fczere, kanunen bunu yapmaya mecbur b\u0131rak\u0131ld\u0131\u011f\u0131nda h\u00fck\u00fcmet yetkililerine ve di\u011fer \u00fc\u00e7\u00fcnc\u00fc \u015fah\u0131slara if\u015fa edebilir.<br \/>\nAcil Durumlar<br \/>\nA.A.W.S. ki\u015fisel bilgileri if\u015fa edebilir, gerekli olmas\u0131 halinde veya bu if\u015fan\u0131n (i) haklar\u0131n\u0131 veya m\u00fclk\u00fcn\u00fc, web sitesini veya web sitesini korumak ve savunmak i\u00e7in gerekli oldu\u011funa iyi niyetle inanarak if\u015fa edebilir.<br \/>\n\u00fcyeleri ve (ii) acil durumlarda A.A.W.S.&#8217;nin ki\u015fisel g\u00fcvenli\u011fini korumak i\u00e7in hareket eder. personel, \u00fcyeleri veya di\u011ferleri.<br \/>\nBa\u011fl\u0131 kurulu\u015flar<br \/>\nKi\u015fisel bilgileri ana \u015firketimize, yan kurulu\u015fumuza ve Genel Hizmet Kurulu ve AA Grapevine dahil olmak \u00fczere di\u011fer ba\u011fl\u0131 kurulu\u015flara if\u015fa edebiliriz.<br \/>\nM\u00fclkiyet veya Organizasyon Yap\u0131s\u0131n\u0131n De\u011fi\u015ftirilmesi<br \/>\nKi\u015fisel bilgileri, herhangi bir m\u00fclkiyet de\u011fi\u015fikli\u011fi, organizasyon yap\u0131s\u0131 de\u011fi\u015fikli\u011fi veya benzer i\u015flemlerle ba\u011flant\u0131l\u0131 olarak ba\u015fka bir i\u015fletmeye aktarabiliriz, \u00f6rne\u011fin, birle\u015fti\u011fimiz, edindi\u011fimiz veya edindi\u011fimiz bir t\u00fczel ki\u015fiye devir<br \/>\nA.A.W.S. Bu ko\u015fullar alt\u0131nda A.A.W.S. zaman zaman de\u011fi\u015ftirilebilece\u011finden, devralan\u0131n bu Gizlilik Politikas\u0131nda a\u00e7\u0131klanan uygulamalar\u0131 izlemeyi kabul etmesini isteyecektir.<\/p>\n<p>S\u0131n\u0131rl\u0131 Yay\u0131nlar<br \/>\nA.A. olarak kat\u0131l\u0131rsan\u0131z etkinliklerimizden birinde konu\u015fmac\u0131, ad\u0131n\u0131z, soyad\u0131n\u0131z ve s\u0131n\u0131rl\u0131 biyografik bilgiler, di\u011fer etkinlik kat\u0131l\u0131mc\u0131lar\u0131na ve konu\u015fmac\u0131lara da\u011f\u0131t\u0131lan etkinlik programlar\u0131na dahil edilecek ve kopyalar ar\u015fivimizde saklanacakt\u0131r. Ki\u015fisel bir hikaye, an\u0131 veya yaz\u0131\u015fma g\u00f6nderirseniz ve bunlar\u0131 yay\u0131nlamam\u0131za a\u00e7\u0131k\u00e7a izin verirseniz, \u015funlar\u0131 ekleyebiliriz:<br \/>\nbunlar\u0131 (tamamen veya k\u0131smen), verdi\u011finiz izin uyar\u0131nca web sitemizde ve dijital ve bas\u0131l\u0131 yay\u0131nlarda yay\u0131nlamam\u0131za izin verdi\u011finiz ki\u015fisel bilgiler dahil. Yay\u0131nlanan hikayelerin kopyalar\u0131 ar\u015fivlerimizde saklanacakt\u0131r.<\/p>\n<p>6. G\u00fcvenlik<br \/>\nKi\u015fisel bilgilerinizi g\u00fcvende tutmak i\u00e7in uygun teknik ve organizasyonel \u00f6nlemler kullan\u0131yoruz.<br \/>\n\u00d6rne\u011fin, \u00f6deme kart\u0131 bilgileri G\u00fcvenli Yuva Katman\u0131 (&#8220;SSL&#8221;) arac\u0131l\u0131\u011f\u0131yla iletilir<br \/>\nteknoloji ve daha sonra \u00f6deme a\u011f ge\u00e7idi sa\u011flay\u0131c\u0131m\u0131z\u0131n veri taban\u0131na \u015fifrelenerek yaln\u0131zca bu t\u00fcr sistemlere \u00f6zel eri\u015fim haklar\u0131na sahip yetkilendirilmi\u015f ki\u015filer taraf\u0131ndan eri\u015filebilir olmas\u0131 ve bilgileri gizli tutmas\u0131 gerekir. Bir i\u015flem tamamland\u0131\u011f\u0131nda, \u00f6deme bilgileriniz sunucular\u0131m\u0131zdan silinecektir.<br \/>\nA.A.W.S. \u0130nternetin do\u011fas\u0131 gere\u011fi, A.A.W.S.&#8217;ye sa\u011flanan t\u00fcm ki\u015fisel bilgilerin g\u00fcvenli\u011fini ve b\u00fct\u00fcnl\u00fc\u011f\u00fcn\u00fc korumak i\u00e7in makul ad\u0131mlar\u0131 atar, \u0130nternet \u00fczerinden hi\u00e7bir veri aktar\u0131m\u0131n\u0131n tamamen g\u00fcvenli olaca\u011f\u0131 garanti edilmez. A.A.W.S. ile ileti\u015fime ge\u00e7ti\u011finiz zamanlar da dahil olmak \u00fczere \u00fc\u00e7\u00fcnc\u00fc taraflar\u0131n iletimlere veya \u00f6zel ileti\u015fimlere yasad\u0131\u015f\u0131 bir \u015fekilde m\u00fcdahale etmesi veya bunlara eri\u015fmesi m\u00fcmk\u00fcn olabilir. e-posta veya &#8220;bize ula\u015f\u0131n&#8221; veya web sitesinde benzer bir \u00f6zellik ile. Buna g\u00f6re, A.A.W.S. Bilgilerin internet \u00fczerinden aktar\u0131m\u0131 s\u0131ras\u0131nda veya sisteminde saklan\u0131rken veya ba\u015fka bir \u015fekilde, bilgisayar korsanlar\u0131 gibi ba\u015fkalar\u0131n\u0131n m\u00fcdahalesine kar\u015f\u0131 kesinlikle g\u00fcvenli olaca\u011f\u0131n\u0131 garanti edemez.<\/p>\n<p>7. \u00c7ocuklar<br \/>\nBu web sitesi 13 ya\u015f\u0131n alt\u0131ndaki \u00e7ocuklara y\u00f6nelik de\u011fildir ve A.A.W.S. 13 ya\u015f\u0131n alt\u0131ndaki \u00e7ocuklardan ki\u015fisel olarak tan\u0131mlanabilecek bilgileri bilerek toplamaz. E\u011fer alt\u0131ndaysan<br \/>\n13 ya\u015f\u0131nda bu web sitesini kullanmamal\u0131s\u0131n\u0131z ve hi\u00e7bir ko\u015fulda A.A.W.S.&#8217;ye ki\u015fisel olarak tan\u0131mlanabilir bilgiler vermemelisiniz.<\/p>\n<p>8. Y\u00f6nlendirmeler<br \/>\nA.A.W.S. sizi ba\u015fka web sitelerine, kurulu\u015flara veya t\u00fczel ki\u015filere y\u00f6nlendirebilir, bu durumda bu Gizlilik Politikas\u0131, bu t\u00fcr web sitelerine, kurulu\u015flara ve \u015firketlere sundu\u011funuz veya bu t\u00fcr web sitelerine, kurulu\u015flara ve \u015firketlere sundu\u011funuz bilgiler i\u00e7in ge\u00e7erli olmayabilir. Herhangi bir bilgi sunmadan veya kullan\u0131ma sunmadan \u00f6nce bu web sitelerinin, kurulu\u015flar\u0131n ve \u015firketlerin gizlilik bildirimlerini okuman\u0131z\u0131 \u00f6neririz.<\/p>\n","protected":false},"excerpt":{"rendered":"<p>Gizlilik Politikas\u0131 Bu Gizlilik Politikas\u0131 en son 12 Haziran 2021&#8217;de g\u00fcncellenmi\u015ftir. Gizlilik ve \u00c7erez Politikalar\u0131 Gizlilik Politikas\u0131 Bu Gizlilik Politikas\u0131 en son 24 Temmuz 2020&#8217;de g\u00fcncellenmi\u015ftir. Www.AA.org web sitesini ziyaret etti\u011finiz ve Gizlilik Politikam\u0131z\u0131 g\u00f6zden ge\u00e7irdi\u011finiz i\u00e7in te\u015fekk\u00fcr ederiz. Bu politika, A.A.W.S. sizinle ilgili ki\u015fisel bilgileri toplar, kullan\u0131r, payla\u015f\u0131r ve korur (yani sizi ki\u015fisel olarak &hellip; <\/p>\n<p class=\"link-more\"><a href=\"http:\/\/www.adsizalkolikler.com\/index.php\/privacy-policy\/\" class=\"more-link\">Okumaya devam et<span class=\"screen-reader-text\"> &#8220;Gizlilik Politikas\u0131&#8221;<\/span><\/a><\/p>\n","protected":false},"author":1,"featured_media":0,"parent":0,"menu_order":0,"comment_status":"closed","ping_status":"open","template":"","meta":{"footnotes":""},"class_list":["post-3","page","type-page","status-publish","hentry"],"_links":{"self":[{"href":"http:\/\/www.adsizalkolikler.com\/index.php\/wp-json\/wp\/v2\/pages\/3","targetHints":{"allow":["GET"]}}],"collection":[{"href":"http:\/\/www.adsizalkolikler.com\/index.php\/wp-json\/wp\/v2\/pages"}],"about":[{"href":"http:\/\/www.adsizalkolikler.com\/index.php\/wp-json\/wp\/v2\/types\/page"}],"author":[{"embeddable":true,"href":"http:\/\/www.adsizalkolikler.com\/index.php\/wp-json\/wp\/v2\/users\/1"}],"replies":[{"embeddable":true,"href":"http:\/\/www.adsizalkolikler.com\/index.php\/wp-json\/wp\/v2\/comments?post=3"}],"version-history":[{"count":2,"href":"http:\/\/www.adsizalkolikler.com\/index.php\/wp-json\/wp\/v2\/pages\/3\/revisions"}],"predecessor-version":[{"id":1316,"href":"http:\/\/www.adsizalkolikler.com\/index.php\/wp-json\/wp\/v2\/pages\/3\/revisions\/1316"}],"wp:attachment":[{"href":"http:\/\/www.adsizalkolikler.com\/index.php\/wp-json\/wp\/v2\/media?parent=3"}],"curies":[{"name":"wp","href":"https:\/\/api.w.org\/{rel}","templated":true}]}}