{"id":930,"date":"2021-03-10T09:40:31","date_gmt":"2021-03-10T09:40:31","guid":{"rendered":"http:\/\/www.aatrtempsite.com\/?page_id=930"},"modified":"2025-05-25T11:45:19","modified_gmt":"2025-05-25T11:45:19","slug":"kavramlar","status":"publish","type":"page","link":"http:\/\/www.adsizalkolikler.com\/index.php\/home\/kavramlar\/","title":{"rendered":"Kavramlar"},"content":{"rendered":"<h1 class=\"\" data-fontsize=\"30\" data-lineheight=\"42px\"><strong>Ads\u0131z Alkolikler On \u0130ki Kavram<\/strong><\/h1>\n<p><b>1-<\/b><span style=\"font-weight: 400;\">\u00a0 A.A. D\u00fcnya hizmetleri i\u00e7in kesin sorumluluk ve son yetki, t\u00fcm birli\u011fimizin kolektif vicdan\u0131nda daima yer almal\u0131d\u0131r.<\/span><\/p>\n<p><b>2-<\/b><span style=\"font-weight: 400;\"> A.A.\u2019n\u0131n Genel Hizmet Kongresi, hemen hemen her t\u00fcrl\u00fc pratik ama\u00e7lar i\u00e7in t\u00fcm Cemiyetimizin d\u00fcnya faaliyetlerindeki aktif sesi ve etkili vicdan\u0131 haline gelmi\u015ftir.<\/span><\/p>\n<p><b>3-<\/b><span style=\"font-weight: 400;\">\u00a0 Etkili liderlik sa\u011flamak amac\u0131yla, A.A.\u2019n\u0131n beher \u00f6\u011fesine, yani Kongre, Genel Hizmet Kurulu ve hizmet kurumlar\u0131, personel, komisyonlar ve y\u00f6neticilere geleneksel bir \u201cKarar Hakk\u0131\u201dn\u0131 vermeliyiz.<\/span><\/p>\n<p><b>4-<\/b><span style=\"font-weight: 400;\">\u00a0 T\u00fcm sorumluluk d\u00fczeyinde geleneksel bir \u201cKat\u0131lma Hakk\u0131\u201d s\u00fcrd\u00fcrerek, beher sorumluluk d\u00fczeyi ile makul bir derecede orant\u0131l\u0131 olarak oylamada temsil edilmelerine olanak tan\u0131mal\u0131y\u0131z.<\/span><\/p>\n<p><b>5-<\/b><span style=\"font-weight: 400;\">\u00a0 T\u00fcm yap\u0131m\u0131zda, az\u0131nl\u0131k g\u00f6r\u00fc\u015flerinin ve ki\u015fisel \u015fikayetlerin dikkate al\u0131nmas\u0131n\u0131 sa\u011flayacak geleneksel bir \u201cTemyiz Hakk\u0131\u201d hakim olmal\u0131d\u0131r.<\/span><\/p>\n<p><b>6-<\/b><span style=\"font-weight: 400;\"> \u00a0 Kongre, d\u00fcnya hizmet konular\u0131n\u0131n \u00e7o\u011fundaki ana inisiyatif ve aktif\u00a0<\/span><span style=\"font-weight: 400;\">sorumlulu\u011fun, Genel Hizmet Kurulu&#8217;na vek\u00e2let eden Kongre m\u00fctevelli \u00fcyeleri taraf\u0131ndan y\u00fcr\u00fct\u00fclmesi gerekti\u011fini kabul eder.<\/span><\/p>\n<p><b>7-<\/b><span style=\"font-weight: 400;\">\u00a0 Genel Hizmet Kurulu&#8217;nun T\u00fcz\u00fck ve Y\u00f6netmelikleri hukuki ara\u00e7lar olup, m\u00fctevellilere d\u00fcnya hizmet faaliyetlerini y\u00f6netme ve y\u00fcr\u00fctme yetkisi verir. Kongre T\u00fcz\u00fc\u011f\u00fc hukuki bir belge olmay\u0131p, kesin etkisini ger\u00e7ekle\u015ftirmek i\u00e7in Geleneklere ve A.A. kasas\u0131na dayan\u0131r.<\/span><\/p>\n<p><b>8-<\/b><span style=\"font-weight: 400;\">\u00a0 M\u00fctevelliler, genel politikalar\u0131n\u0131n ve mali i\u015flerin ana planlay\u0131c\u0131s\u0131 ve y\u00f6neticisidir. Ayr\u0131 olarak kurumla\u015fm\u0131\u015f ve s\u00fcrekli olarak aktif hizmetlerin koruyuculuk g\u00f6revi m\u00fctevellilerde olup, bunu bu kurulu\u015flar\u0131n t\u00fcm m\u00fcd\u00fcrlerini se\u00e7me yetkileri arac\u0131l\u0131\u011f\u0131yla uygulamaya koyarlar.<\/span><\/p>\n<p><b>9-<\/b><span style=\"font-weight: 400;\"> Geleneksel faaliyetlerimiz ve g\u00fcvendi\u011fimiz i\u00e7in, t\u00fcm d\u00fczeylerde iyi hizmet liderli\u011fi vazge\u00e7ilmezdir. Ana d\u00fcnya hizmet liderli\u011finin bir kez kurucular taraf\u0131ndan uygulamaya koyulduktan sonra m\u00fctevelliler taraf\u0131ndan da kabul edilmesi \u015fartt\u0131r.<\/span><\/p>\n<p><b>10-<\/b><span style=\"font-weight: 400;\"> Her hizmet sorumlulu\u011fu, e\u015fit d\u00fczeyde bir hizmet yeklisiyle e\u015fle\u015ftirilmeli ve bu yetkinin kapsam\u0131 a\u00e7\u0131k bir \u015fekilde tan\u0131mlanmal\u0131d\u0131r.<\/span><\/p>\n<p><b>11-<\/b><span style=\"font-weight: 400;\"> M\u00fctevellilerin daima, m\u00fcmk\u00fcn olan en iyi komisyonlar\u0131, kurumsal hizmet m\u00fcd\u00fcrleri, icra g\u00f6revlileri, personel ve dan\u0131\u015fmanlar\u0131 bulunmal\u0131d\u0131r. Olu\u015fum, nitelikler, g\u00f6reve getirme prosed\u00fcrleri, haklar ve g\u00f6revler daima ciddi konular olacakt\u0131r.<\/span><\/p>\n<p><b>12-<\/b><span style=\"font-weight: 400;\"> Kongre, A.A. gelene\u011finin ruhuna sad\u0131k kalarak tehlikeli bir g\u00fc\u00e7 zenginli\u011fi haline d\u00f6n\u00fc\u015fmemesi i\u00e7in elinden geleni yapacakt\u0131r. Bu ama\u00e7la, yeterli i\u015fletme fonlar\u0131 ve rezervler, tedbirli mali ilkesini olu\u015fturacak, hi\u00e7bir \u00fcyesini di\u011ferlerinin \u00fcst\u00fcnde vas\u0131fs\u0131z otorite konumuna getirmeyecek, t\u00fcm \u00f6nemli kararlar\u0131na m\u00fczakere, oylama ve m\u00fcmk\u00fcnse esas olarak oybirli\u011fi ile eri\u015fecek faaliyetlerini hi\u00e7bir zaman \u015fahsen cezaland\u0131r\u0131c\u0131 ya da kamuda tart\u0131\u015fmaya yol a\u00e7\u0131c\u0131 olmayacak; hi\u00e7bir zaman devlet\/h\u00fck\u00fcmet i\u015flerine kar\u0131\u015fmayacak ve hizmet etti\u011fi Cemiyet gibi, d\u00fc\u015f\u00fcnce ve eylemde daima demokratik kalacakt\u0131r.<\/span><\/p>\n","protected":false},"excerpt":{"rendered":"<p>Ads\u0131z Alkolikler On \u0130ki Kavram 1-\u00a0 A.A. D\u00fcnya hizmetleri i\u00e7in kesin sorumluluk ve son yetki, t\u00fcm birli\u011fimizin kolektif vicdan\u0131nda daima yer almal\u0131d\u0131r. 2- A.A.\u2019n\u0131n Genel Hizmet Kongresi, hemen hemen her t\u00fcrl\u00fc pratik ama\u00e7lar i\u00e7in t\u00fcm Cemiyetimizin d\u00fcnya faaliyetlerindeki aktif sesi ve etkili vicdan\u0131 haline gelmi\u015ftir. 3-\u00a0 Etkili liderlik sa\u011flamak amac\u0131yla, A.A.\u2019n\u0131n beher \u00f6\u011fesine, yani Kongre, &hellip; <\/p>\n<p class=\"link-more\"><a href=\"http:\/\/www.adsizalkolikler.com\/index.php\/home\/kavramlar\/\" class=\"more-link\">Okumaya devam et<span class=\"screen-reader-text\"> &#8220;Kavramlar&#8221;<\/span><\/a><\/p>\n","protected":false},"author":1,"featured_media":0,"parent":7,"menu_order":0,"comment_status":"closed","ping_status":"closed","template":"","meta":{"footnotes":""},"class_list":["post-930","page","type-page","status-publish","hentry"],"_links":{"self":[{"href":"http:\/\/www.adsizalkolikler.com\/index.php\/wp-json\/wp\/v2\/pages\/930","targetHints":{"allow":["GET"]}}],"collection":[{"href":"http:\/\/www.adsizalkolikler.com\/index.php\/wp-json\/wp\/v2\/pages"}],"about":[{"href":"http:\/\/www.adsizalkolikler.com\/index.php\/wp-json\/wp\/v2\/types\/page"}],"author":[{"embeddable":true,"href":"http:\/\/www.adsizalkolikler.com\/index.php\/wp-json\/wp\/v2\/users\/1"}],"replies":[{"embeddable":true,"href":"http:\/\/www.adsizalkolikler.com\/index.php\/wp-json\/wp\/v2\/comments?post=930"}],"version-history":[{"count":5,"href":"http:\/\/www.adsizalkolikler.com\/index.php\/wp-json\/wp\/v2\/pages\/930\/revisions"}],"predecessor-version":[{"id":2229,"href":"http:\/\/www.adsizalkolikler.com\/index.php\/wp-json\/wp\/v2\/pages\/930\/revisions\/2229"}],"up":[{"embeddable":true,"href":"http:\/\/www.adsizalkolikler.com\/index.php\/wp-json\/wp\/v2\/pages\/7"}],"wp:attachment":[{"href":"http:\/\/www.adsizalkolikler.com\/index.php\/wp-json\/wp\/v2\/media?parent=930"}],"curies":[{"name":"wp","href":"https:\/\/api.w.org\/{rel}","templated":true}]}}