{"id":1064,"date":"2021-03-18T20:19:25","date_gmt":"2021-03-18T20:19:25","guid":{"rendered":"http:\/\/www.aatrtempsite.com\/?page_id=1064"},"modified":"2021-05-12T19:14:40","modified_gmt":"2021-05-12T19:14:40","slug":"a-a-muhasebecisi-icin-notlar","status":"publish","type":"page","link":"https:\/\/www.adsizalkolikler.com\/index.php\/about\/brosurler\/a-a-muhasebecisi-icin-notlar\/","title":{"rendered":"A.A. Muhasebecisi \u0130\u00e7in  Notlar"},"content":{"rendered":"<p>A.A. grup muhasebecisinin konumu grup i\u00e7indeki g\u00f6revler i\u00e7inde en \u00e7ok sorumluluk isteyenlerden biridir ve kesinlik, detaylara dikkat ve g\u00fcvenirlik gerektirmektedir. Grup muhasebecisi olmak i\u00e7in standart bir ay\u0131kl\u0131k s\u00fcresi gerekli g\u00f6r\u00fclmekteyse de, pek \u00e7ok grup muhasebecisinin makul bir ay\u0131kl\u0131k s\u00fcresine sahip olmas\u0131 gerekti\u011fi \u00f6nerilmektedir. (En az alt\u0131 aydan bir y\u0131la kadar veya daha fazla). Ayn\u0131 zamanda grup muhasebecisinin Oniki Gelene\u011fi iyi bilmesi ve grubun ilke ve uygulamalar\u0131ndan da haberdar olmas\u0131 \u00f6nerilmektedir.<\/p>\n<p>A.A. toplant\u0131lar\u0131nda sepet ge\u00e7irildi\u011fi s\u0131rada \u00fcyeler A.A. karde\u015flik kurulu\u015funun bir b\u00fct\u00fcn olarak varolabilmesi ve etkin bir bi\u00e7imde \u00e7al\u0131\u015fabilmesi i\u00e7in \u00e7ok \u00f6zel bir katk\u0131da bulunurlar \u2013 ve bu katk\u0131 sadece maddi de\u011fildir. \u00dcyelerin sepete yapabildikleri katk\u0131y\u0131 koymas\u0131 bu grubun varl\u0131\u011f\u0131n\u0131 s\u00fcrd\u00fcrece\u011finden ve A.A. mesaj\u0131n\u0131n yenilere de eskilere oldu\u011fu gibi ta\u015f\u0131nabilece\u011finden emin olman\u0131n do\u011frudan bir yoludur. A.A. \u00fcyeleri sepete sadece para koymazlar, destek ve g\u00fcvenleriyle yat\u0131r\u0131m yaparlar.<\/p>\n<p>Grup Muhasebecisinin G\u00f6revleri:<br \/>\nGrup Muhasebecisinin g\u00f6revleri a\u015fa\u011f\u0131daki gibi \u00f6zetlenebilir:<br \/>\nToplama: Grubun kendi katk\u0131lar\u0131yla ayakta durdu\u011funu garantilemenin geleneksel yolu sepeti gezdirmektir. A.A. \u00fcyeli\u011fi i\u00e7in aidat veya \u00f6deme yapma zorunlulu\u011fu olmamas\u0131ndan \u00f6t\u00fcr\u00fc, toplant\u0131ya kat\u0131lan \u00fcyelerden harcamalar\u0131 kar\u015f\u0131lamak \u00fczere g\u00f6n\u00fcll\u00fc katk\u0131 yapmalar\u0131 istenir. Genellikle sepet gezdirildikten sonra Grup Muhasebecisi toplanan paran\u0131 kayd\u0131n\u0131 tutar.<br \/>\nKoruma: Grup Muhasebecisi grubun paralar\u0131n\u0131 emniyete almak i\u00e7in makul \u00f6nlemler al\u0131r. Pek \u00e7ok grup paras\u0131n\u0131 grup ad\u0131na a\u00e7\u0131lm\u0131\u015f \u00e7ift imzal\u0131 banka hesab\u0131nda muhafaza eder. Bu, paran\u0131n kazara kaybolmas\u0131na kar\u015f\u0131 emniyet sa\u011flar. Ayl\u0131k banka bildirimleri normal olarak do\u011frudan Grup muhasebecisine g\u00f6nderilir ve o da ihtiya\u00e7 duyuldu\u011funda bunlar\u0131 gruba sunar.<br \/>\n\u00d6demeler: Grup Muhasebecisi grubun d\u00fczenli faturalar\u0131n\u0131 \u00f6demek ve grubun mali durumunun kay\u0131tlar\u0131n\u0131 tutmakla y\u00fck\u00fcml\u00fc ki\u015fidir. Muhasebeci grubun paras\u0131n\u0131n nas\u0131l harcand\u0131\u011f\u0131 hakk\u0131nda ayr\u0131nt\u0131l\u0131 bilgi sahibi olmal\u0131 ve grubun katk\u0131da bulundu\u011fu t\u00fcm A.A. hizmet kurullar\u0131n\u0131n adres ve mektupla\u015fma bilgilerine sahip olmal\u0131d\u0131r.<br \/>\nRapor: \u00c7o\u011fu grup Muhasebecisinden d\u00fczenli i\u015f toplant\u0131lar\u0131nda g\u00f6r\u00fcnebilecek bir rapor ve di\u011fer gerekli d\u00f6k\u00fcmanlar\u0131 talep eder. Bu yolla t\u00fcm grup \u00fcyeleri grubun mali durumunun sa\u011fl\u0131kl\u0131\u011f\u0131 hakk\u0131nda bilgilenir ve fonlar\u0131n nas\u0131l kullan\u0131lmas\u0131 gerekti\u011fiyle ilgili grup bilincinde kararlar verebilir.<\/p>\n<p>Nereye Gider?:<br \/>\nA.A. toplant\u0131lar\u0131nda yap\u0131lan katk\u0131 A.A.\u2019n\u0131n b\u00fct\u00fcn\u00fcne hizmet etmek \u00fczere gruba aittir. \u00dcyelik i\u00e7erisinde fonlar\u0131n kullan\u0131labilmesi i\u00e7in birka\u00e7 yol vard\u0131r ve genelde bunlar\u0131n hepsi Onikinci Basamak g\u00f6revinin daha iyi ve sa\u011fl\u0131kl\u0131 yap\u0131lmas\u0131n\u0131 ama\u00e7lar. A.A.\u2019n\u0131n ilk zamanlardan beri grup \u00fcyeleri A.A. gruplar\u0131n\u0131n varl\u0131\u011f\u0131n\u0131 s\u00fcrd\u00fcrebilmesi, yeni gelenlerin A.A.\u2019ya ula\u015fabilmesi ve gelecekteki \u00fcyelere A.A. ile ilgili do\u011fru bilginin ula\u015fabilmesi i\u00e7in katk\u0131da bulunurlar.<\/p>\n<p>Bir A.A. \u00fcyesinin \u201csepete\u201d para koymas\u0131, A.A. gruplar\u0131n\u0131n toplanacak yer bulacaklar\u0131ndan, intergrup ve merkez ofislerde telefonlara cevap verilece\u011finden, hapishanelere B\u00fcy\u00fck Kitap gerekti\u011finden, yaln\u0131zlar\u0131n mektup alaca\u011f\u0131ndan, yeni gelenlerin bro\u015f\u00fcr ve kitap alacaklar\u0131ndan ve alkolizmle ilgili profesyonellerin A.A. ile ilgili sorular\u0131na cevap alacaklar\u0131ndan emin olmas\u0131na yard\u0131m eder.<\/p>\n<p>\u00d6ncelikle grubun temel ihtiya\u00e7lar\u0131 kar\u015f\u0131lan\u0131r. (kira, i\u00e7ecek masraflar\u0131, yay\u0131n giderleri, sigorta ve grup bilincinin kar\u015f\u0131lad\u0131\u011f\u0131 di\u011fer harcamalar). Daha sonra grup \u00e7e\u015fitli A.A. hizmet kurullar\u0131na &#8211; yerel intergrup veya merkez ofisi, Genel Hizmet Ofisi, b\u00f6lgesel gruplar ya da grubun kendi \u00f6zel durumuna uygun herhangi bir A.A. kurulu \u2013 katk\u0131da bulunarak \u00fcyeli\u011fi ayakta tutmas\u0131na katk\u0131da bulunabilir.<\/p>\n<p>Bu Hizmet Kurullar\u0131 A.A.\u2019n\u0131n \u00e7o\u011fu i\u015flerini yapar ve A.A. gruplar\u0131 gibi ya\u015fayabilmeleri ve faaliyetlerini s\u00fcrd\u00fcrebilmeleri i\u00e7in paraya ihtiya\u00e7lar\u0131 vard\u0131r. Bu Kurullar katk\u0131lar\u0131 birka\u00e7 de\u011fi\u015fik yolla de\u011ferlendirir ve temel ama\u00e7lar\u0131 daima A.A. mesaj\u0131n\u0131 ta\u015f\u0131makt\u0131r.<\/p>\n<p>A.A. kurucular\u0131ndan Bill W. 1957\u2019de \u201cManevi yolumuzu gelecek nesiller i\u00e7in g\u00fcvenle devam ettirebilmemiz, karde\u015flik kurulu\u015fumuzun d\u0131\u015far\u0131dan gelecek katk\u0131lar\u0131 reddetme konusundaki duyarl\u0131l\u0131\u011f\u0131na ba\u011fl\u0131d\u0131r. Bu da bizi her A.A. \u00fcyesinin anlamas\u0131 gereken bir sorumlulukla ba\u015f ba\u015fa b\u0131rak\u0131r; grup Muhasebecisi sepeti gezdirdi\u011finde cimrile\u015fmememiz gereken bir sorumluluk. Gruplar\u0131m\u0131z, b\u00f6lgeler ve bir b\u00fct\u00fcn olarak A.A. hizmetlerimiz y\u00fcr\u00fcmedik\u00e7e ve faturalar\u0131m\u0131z \u00f6denmedik\u00e7e i\u015flevlerini s\u00fcrd\u00fcremeyeceklerdir\u201d, diye yazm\u0131\u015ft\u0131r.<\/p>\n<p>Makul Bir Rezerve Sahip Olmak:<br \/>\nPek \u00e7ok grup kiran\u0131n artmas\u0131n\u0131 ya da birden yeni bir kahve makinesinin al\u0131nmas\u0131 gereklili\u011fi gibi \u00f6nceden tahmin edilmeyen masraflar\u0131 kar\u015f\u0131lamak \u00fczere gerekti\u011finde kullanabilecekleri mali bir rezervlerinin olmas\u0131na \u00e7abalarlar. Bu rezerv i\u00e7in \u00f6nceden belirlenmi\u015f bir miktar olmamakla birlikte, \u00e7o\u011fu grup bir aydan \u00fc\u00e7 aya kadar grubun faaliyetlerini s\u00fcrd\u00fcrebilmesi i\u00e7in gerekli olan paray\u0131 bir kenara ay\u0131rmaya \u00e7al\u0131\u015f\u0131rlar. Genellikle bu rezervin miktar ve i\u00e7eri\u011fini grup kendisi belirler. Yinede bu rezervin i\u015fleyen bir hesap olmay\u0131p, grubun gelir-gider d\u00fczenindeki ola\u011fan\u00fcst\u00fc ini\u015f-\u00e7\u0131k\u0131\u015flar\u0131 kar\u015f\u0131lamas\u0131 i\u00e7in tutuldu\u011funu hat\u0131rlatmak \u00f6nemlidir.<\/p>\n<p>Maneviyat Ve Para:<br \/>\nGrup muhasebecisinin i\u015fi pek \u00e7ok detayla ilgilenmesini gerektirirken muhasebecinin kontrol etti\u011fi bu paran\u0131n grup i\u00e7in son derece manevi bir amaca hizmet etti\u011fini hat\u0131rlamak \u00e7ok \u00f6nemlidir. Bu para her grubun esas amac\u0131n\u0131 yerine getirmesi i\u00e7in; yani A.A.\u2019n\u0131n mesaj\u0131n\u0131n halen ac\u0131 \u00e7ekmekte olan alkoli\u011fe ta\u015f\u0131nmas\u0131 i\u00e7in gereklidir. Bu A.A.\u2019n\u0131n en temel g\u00f6revidir ve A.A.\u2019n\u0131n kollar\u0131n\u0131n yeni gelenlere a\u00e7\u0131k olabilmesi, grubun kap\u0131lar\u0131n\u0131 a\u00e7\u0131k tutabilece\u011fi uygun ko\u015fullar\u0131 yaratmas\u0131na ba\u011fl\u0131d\u0131r. Grup Muhasebecisi Onikinci Basamak g\u00f6revinin \u00f6nemli bir b\u00f6l\u00fcm\u00fcn\u00fc \u00fcstlenir.<\/p>\n<p>Grup Muhasebecisi \u0130\u00e7in Ek Kaynaklar:<br \/>\nMuhasebecilerin bu bro\u015f\u00fcrde cevaplar\u0131n\u0131 bulamad\u0131klar\u0131 sorular\u0131 olabilir.<\/p>\n<p>Gruplar banka hesab\u0131 nas\u0131l a\u00e7t\u0131r\u0131r veya nas\u0131l vergi numaras\u0131 al\u0131r?<br \/>\nGrup sigortas\u0131 nas\u0131l yapt\u0131r\u0131l\u0131r?<br \/>\nGrubun A.A.\u2019n\u0131n gerekli hizmetlerine katk\u0131da bulunmak \u00fczere \u00e7ok k\u00fc\u00e7\u00fck bir katk\u0131da bulunabilmesi fark eder mi?<br \/>\nBu katk\u0131lar\u0131 nereye g\u00f6nderir?<br \/>\nGrup Muhasebecisi olmak i\u00e7in muhasebeden anlamak gerekir mi?<br \/>\nDo\u011fum g\u00fcn\u00fc veya y\u0131ld\u00f6n\u00fcm\u00fc nedir ve \u00fcyeler buna nas\u0131l kat\u0131labilir?<br \/>\nA.A.2ya katk\u0131da bulunacak \u00fcye i\u00e7in bir limit var m\u0131? gibi\u2026<\/p>\n<p>Bu sorular ve banka hesaplar\u0131, sigorta ve A.A.\u2019n\u0131n gerekli hizmetleri \u00fczerine cevaplar;<br \/>\n\u201cKendi Ayaklar\u0131 \u00dczerinde Durmak: Para ve Maneviyat\u0131n Kar\u0131\u015ft\u0131\u011f\u0131 Yer\u201d (\u201cSelf-Supporting: Where Money and Spirituality Mix\u201d) bro\u015f\u00fcr\u00fcnde ve A.A. finans konusundaki rehberinden bak\u0131labilir.<\/p>\n<p>A.A.\u2019n\u0131n Oniki Gelene\u011fi ve bunlar\u0131n mali konulara nas\u0131l uygulanmas\u0131 gerekti\u011fi i\u00e7in;<br \/>\n\u201cA.A. Gelene\u011fi Nas\u0131l Geli\u015fti?\u201d (\u201cA.A. Tradition-How \u0130t Developet\u201d) adl\u0131 bro\u015f\u00fcr\u00fcne bak\u0131n\u0131z.<br \/>\nAyr\u0131ca \u201cA.A. Grubu\u201d (\u201cThe A.A. Group\u201d) bro\u015f\u00fcr\u00fcde grup Muhasebecisinin rol\u00fc ve \u00f6zelliklerini tart\u0131\u015f\u0131r ve A.A. hizmet yap\u0131s\u0131 i\u00e7inde ne \u015fekilde yer ald\u0131\u011f\u0131na de\u011finir.<\/p>\n<p>Bu yay\u0131nlar\u0131n kopyalar\u0131n\u0131 New York Genel Hizmet Ofisi\u2019yle temasa ge\u00e7ilerek sa\u011flanabilir.<\/p>\n<p>2000 Alcoholics Anonymous World Services, Inc<br \/>\nAll rights reserved.<\/p>\n<p>Translated from English.<br \/>\nCopyright in the English language version of this work is<br \/>\nalso owned by W.S., New York, New York.<br \/>\nNo part of this translation may be duplicated in any form<br \/>\nwihtout the written permission of W.S.<\/p>\n<p>Alcoholics Anonymous and A.A. are registered<br \/>\ntrademarks of World Services, Inc.<\/p>\n<p>Printed in the USA<\/p>\n<p>2000 Alcoholics Anonymous World Services, Inc.<br \/>\n( Ads\u0131z Alkolikler D\u00fcnya Servisleri )<br \/>\nHer hakk\u0131 sakl\u0131d\u0131r.<\/p>\n<p>\u0130ngilizce\u2019den \u00e7eviridir.<\/p>\n<p>Bu eserin \u0130ngilizce bask\u0131s\u0131n\u0131n da telif haklar\u0131 ABD New York eyaleti New York \u015fehrinde mukim Alcoholics Anonymous World Services, Inc \u2019e aittir. Bu \u00e7evirinin hi\u00e7bir b\u00f6l\u00fcm\u00fc, hi\u00e7bir \u015fekilde Alcoholics Anonymous World Services, \u0130nc.\u2019in yaz\u0131l\u0131 izni olmadan \u00e7o\u011falt\u0131lamaz.<\/p>\n<p>Alcoholics Anonymous ve A.A., Alcoholics Anonymous World Services, \u0130nc.\u2019in tescilli markas\u0131d\u0131r.<\/p>\n<p>Bu hizmet bro\u015f\u00fcr\u00fc A.A. Genel Hizmet Ofisi taraf\u0131ndan haz\u0131rlanm\u0131\u015f ve A.A. T\u00fcrkiye \u0130ntergrubu Yay\u0131n Kurulu taraf\u0131ndan \u00e7evirerek \u00e7o\u011faltm\u0131\u015ft\u0131r.<\/p>\n","protected":false},"excerpt":{"rendered":"<p>A.A. grup muhasebecisinin konumu grup i\u00e7indeki g\u00f6revler i\u00e7inde en \u00e7ok sorumluluk isteyenlerden biridir ve kesinlik, detaylara dikkat ve g\u00fcvenirlik gerektirmektedir. Grup muhasebecisi olmak i\u00e7in standart bir ay\u0131kl\u0131k s\u00fcresi gerekli g\u00f6r\u00fclmekteyse de, pek \u00e7ok grup muhasebecisinin makul bir ay\u0131kl\u0131k s\u00fcresine sahip olmas\u0131 gerekti\u011fi \u00f6nerilmektedir. (En az alt\u0131 aydan bir y\u0131la kadar veya daha fazla). Ayn\u0131 zamanda &hellip; <\/p>\n<p class=\"link-more\"><a href=\"https:\/\/www.adsizalkolikler.com\/index.php\/about\/brosurler\/a-a-muhasebecisi-icin-notlar\/\" class=\"more-link\">Okumaya devam et<span class=\"screen-reader-text\"> &#8220;A.A. Muhasebecisi \u0130\u00e7in  Notlar&#8221;<\/span><\/a><\/p>\n","protected":false},"author":1,"featured_media":0,"parent":1031,"menu_order":0,"comment_status":"closed","ping_status":"closed","template":"","meta":{"footnotes":""},"class_list":["post-1064","page","type-page","status-publish","hentry"],"_links":{"self":[{"href":"https:\/\/www.adsizalkolikler.com\/index.php\/wp-json\/wp\/v2\/pages\/1064","targetHints":{"allow":["GET"]}}],"collection":[{"href":"https:\/\/www.adsizalkolikler.com\/index.php\/wp-json\/wp\/v2\/pages"}],"about":[{"href":"https:\/\/www.adsizalkolikler.com\/index.php\/wp-json\/wp\/v2\/types\/page"}],"author":[{"embeddable":true,"href":"https:\/\/www.adsizalkolikler.com\/index.php\/wp-json\/wp\/v2\/users\/1"}],"replies":[{"embeddable":true,"href":"https:\/\/www.adsizalkolikler.com\/index.php\/wp-json\/wp\/v2\/comments?post=1064"}],"version-history":[{"count":3,"href":"https:\/\/www.adsizalkolikler.com\/index.php\/wp-json\/wp\/v2\/pages\/1064\/revisions"}],"predecessor-version":[{"id":1301,"href":"https:\/\/www.adsizalkolikler.com\/index.php\/wp-json\/wp\/v2\/pages\/1064\/revisions\/1301"}],"up":[{"embeddable":true,"href":"https:\/\/www.adsizalkolikler.com\/index.php\/wp-json\/wp\/v2\/pages\/1031"}],"wp:attachment":[{"href":"https:\/\/www.adsizalkolikler.com\/index.php\/wp-json\/wp\/v2\/media?parent=1064"}],"curies":[{"name":"wp","href":"https:\/\/api.w.org\/{rel}","templated":true}]}}