{"id":1243,"date":"2021-03-31T13:19:11","date_gmt":"2021-03-31T13:19:11","guid":{"rendered":"http:\/\/www.aatrtempsite.com\/?page_id=1243"},"modified":"2021-05-12T19:44:24","modified_gmt":"2021-05-12T19:44:24","slug":"profesyoneller-icin-aa","status":"publish","type":"page","link":"https:\/\/www.adsizalkolikler.com\/index.php\/eger-bir-profesyonelseniz\/profesyoneller-icin-aa\/","title":{"rendered":"Profesyoneller i\u00e7in AA"},"content":{"rendered":"<p><span style=\"font-weight: 400;\">ADSIZ\u00a0 ALKOL\u0130KLER, ortak sorunlar\u0131n\u0131 \u00e7\u00f6zebilmek i\u00e7in bir araya gelen kad\u0131n ve erkeklerin\u00a0 birbirleri ile deneyimlerini, g\u00fc\u00e7lerini ve umutlar\u0131n\u0131 payla\u015ft\u0131klar\u0131 ve ba\u015fka insanlara alkolizmden kurtulmalar\u0131 i\u00e7in yard\u0131mc\u0131 olduklar\u0131 bir arkada\u015fl\u0131k birli\u011fidir.<\/span><\/p>\n<p>&nbsp;<\/p>\n<ul>\n<li><span style=\"font-weight: 400;\">\u00dcyelik i\u00e7in tek \u015fart\u00a0 \u0130\u00c7K\u0130Y\u0130 \u0130\u00c7MEY\u0130 BIRAKMA \u0130STE\u011e\u0130D\u0130R. A.A. \u00fcyeli\u011finin bir aidat\u0131 veya \u00fccreti yoktur; kendi ba\u011f\u0131\u015flar\u0131m\u0131zla kendimize yetebiliyoruz.<\/span><\/li>\n<\/ul>\n<p>&nbsp;<\/p>\n<ul>\n<li><span style=\"font-weight: 400;\">A.A. hi\u00e7bir tarikat, mezhep, siyasi g\u00f6r\u00fc\u015f, kurum veya kurulu\u015fa ba\u011fl\u0131 de\u011fildir; herhangi bir tart\u0131\u015fma i\u00e7inde olmak istemez; ya da herhangi bir davay\u0131 desteklemek veya ona kar\u015f\u0131 \u00e7\u0131kmak amac\u0131 g\u00fctmemektedir.<\/span><\/li>\n<\/ul>\n<p><span style=\"font-weight: 400;\">\u00a0<\/span><\/p>\n<ul>\n<li><span style=\"font-weight: 400;\">Ana amac\u0131m\u0131z ay\u0131k kalmakt\u0131r ve di\u011fer alkoliklerin ay\u0131kl\u0131\u011fa ula\u015fmalar\u0131na yard\u0131m etmektir.<\/span><\/li>\n<\/ul>\n<p>&nbsp;<\/p>\n<p><span style=\"font-weight: 400;\">Bizler AA\u2019da alkole kar\u015f\u0131 g\u00fc\u00e7s\u00fcz oldu\u011fumuzu idark ettik ve kabul ettik. \u00d6\u011frendik ki alkolsuz bir ya\u015fam ile kendimizi ve yak\u0131nlar\u0131m\u0131z\u0131 felaketten korumu\u015f oluyoruz.<\/span><\/p>\n<p>&nbsp;<\/p>\n<p><span style=\"font-weight: 400;\">Binlerce topluluktaki yerel gruplarla, 100&#8217;den fazla \u00fclkedeki \u00fcyelerle gayri resmi uluslararas\u0131 bir arkada\u015fl\u0131k birli\u011finin par\u00e7as\u0131y\u0131z. Tek bir temel amac\u0131m\u0131z var: ay\u0131k kalmak ve di\u011fer alkoliklere yard\u0131m ederek kendi ay\u0131kl\u0131\u011f\u0131m\u0131z\u0131n s\u00fcrd\u00fcr\u00fclebilirli\u011fine katk\u0131da bulunmak.<\/span><\/p>\n<p>&nbsp;<\/p>\n<p><span style=\"font-weight: 400;\">Bizler devrimci de\u011filiz ve herhangi bir grup, tarikat veya dini mezhepe \u00fcye de\u011filiz. D\u00fcnyay\u0131 kurutmak gibi bir niyetimiz yok. \u00dcye say\u0131m\u0131z\u0131 artt\u0131rma \u00e7abas\u0131 i\u00e7inde de\u011filiz. Bizden istenmedik\u00e7e, i\u00e7ki problemi olanlara bak\u0131\u015f a\u00e7\u0131m\u0131z\u0131 empoze etmekten ka\u00e7\u0131n\u0131r\u0131z.<\/span><\/p>\n<p>&nbsp;<\/p>\n<p><span style=\"font-weight: 400;\">\u00dcyelerimiz i\u00e7inde farkl\u0131 ya\u015f gruplar\u0131ndan ve bir\u00e7ok farkl\u0131 sosyal, ekonomik ve k\u00fclt\u00fcrel ge\u00e7mi\u015fe sahip erkek ve kad\u0131nlar bulunabilir. Baz\u0131lar\u0131m\u0131z alkolle ba\u015f edemeyece\u011fimizi fark etmeden \u00f6nce uzun y\u0131llar i\u00e7tik. Di\u011ferleri, ya\u015fam\u0131n erken d\u00f6nemlerinde veya i\u00e7ki i\u00e7me kariyerlerimizde, alkol\u00fcn y\u00f6netilemez hale geldi\u011fini anlayacak kadar \u015fansl\u0131yd\u0131.<\/span><\/p>\n<p>&nbsp;<\/p>\n<p><span style=\"font-weight: 400;\">Alkollik i\u00e7me ve d\u00fc\u015f\u00fcnme \u015fekillerimizin sonu\u00e7lar\u0131 da \u00e7e\u015fitli idi. \u00dcyelerimizden baz\u0131lar\u0131 yard\u0131m i\u00e7in AA&#8217;ya ba\u015fvurmadan \u00f6nce tam anlam\u0131yla enkaz durumunda idi. Ailelerini, mal varl\u0131klar\u0131n\u0131 ve \u00f6z sayg\u0131lar\u0131n\u0131 kaybetmi\u015flerdi. Pek \u00e7ok \u015fehirde mahvolmu\u015flard\u0131. Hastaneye kald\u0131r\u0131ld\u0131lar ve hapse at\u0131ld\u0131lar. Topluma, ailelerine, i\u015fverenlerine ve kendilerine kar\u015f\u0131 pek \u00e7ok a\u011f\u0131r su\u00e7 i\u015flemi\u015flerdi.<\/span><\/p>\n<p>&nbsp;<\/p>\n<p><span style=\"font-weight: 400;\">Di\u011ferlerimiz asla hapse at\u0131lmad\u0131 veya hastaneye kald\u0131r\u0131lmad\u0131. \u0130\u015flerini kaybetmediler. Ancak bu erkekler ve kad\u0131nlar bile sonunda alkol\u00fcn ya\u015famlar\u0131n\u0131 etkiledi\u011fini fark ettikleri noktaya geldiler. Alkols\u00fcz ya\u015fayamayacaklar\u0131n\u0131 ke\u015ffettiklerinde, sorumsuz i\u00e7ki i\u00e7me al\u0131\u015fkanl\u0131\u011f\u0131n\u0131 uzatmak yerine AA&#8217;dan yard\u0131m istediler.<\/span><\/p>\n<p>&nbsp;<\/p>\n<p><span style=\"font-weight: 400;\">Dostlu\u011fumuzda t\u00fcm b\u00fcy\u00fck inan\u00e7lar temsil ediliyor ve bir\u00e7ok dini lider b\u00fcy\u00fcmemizi te\u015fvik etti. Hatta aram\u0131zda kendini ateist ve agnostik olarak tan\u0131mlayanlar var. Resmi bir inanca inan\u00e7 veya ba\u011fl\u0131l\u0131k \u00fcyelik \u015fart\u0131 de\u011fildir<\/span><\/p>\n<p><span style=\"font-weight: 400;\">Ortak bir sorunumuz olan alkolde birle\u015fiyoruz. Birlikte di\u011fer alkoliklerle tan\u0131\u015farak, konu\u015farak ve birlikte yard\u0131m ederek, bir \u015fekilde ay\u0131k kalabiliyoruz ve bir zamanlar hayat\u0131m\u0131zda bask\u0131n bir g\u00fc\u00e7 olan i\u00e7ki i\u00e7me d\u00fcrt\u00fcs\u00fcn\u00fc kaybedebiliyoruz.<\/span><\/p>\n<p><span style=\"font-weight: 400;\">Yaln\u0131zca bizim y\u00f6ntemimizin i\u00e7ki i\u00e7me sorununa cevap olabilece\u011fi d\u00fc\u015f\u00fcncesinde de\u011filiz. AA program\u0131n\u0131n bizim i\u00e7in i\u015fe yarad\u0131\u011f\u0131n\u0131 biliyoruz ve neredeyse istisnas\u0131z, d\u00fcr\u00fcst ve i\u00e7tenlikle i\u00e7kiyi b\u0131rakmak isteyenlerde i\u00e7in i\u015fe yarad\u0131\u011f\u0131n\u0131 g\u00f6rd\u00fck<\/span><\/p>\n<p><span style=\"font-weight: 400;\">AA arac\u0131l\u0131\u011f\u0131yla alkolizm ve kendimiz hakk\u0131nda pek \u00e7ok \u015fey \u00f6\u011frendik. Bu ger\u00e7ekleri her zaman akl\u0131m\u0131zda tutmaya \u00e7al\u0131\u015f\u0131yoruz \u00e7\u00fcnk\u00fc bu \u00f6\u011frendiklerimiz ay\u0131kl\u0131\u011f\u0131m\u0131z\u0131n anahtar\u0131 gibi g\u00f6r\u00fcn\u00fcyorlar. Bizim i\u00e7in \u00f6nde gelen tek endi\u015femiz ay\u0131kl\u0131\u011f\u0131m\u0131z.<\/span><\/p>\n","protected":false},"excerpt":{"rendered":"<p>ADSIZ\u00a0 ALKOL\u0130KLER, ortak sorunlar\u0131n\u0131 \u00e7\u00f6zebilmek i\u00e7in bir araya gelen kad\u0131n ve erkeklerin\u00a0 birbirleri ile deneyimlerini, g\u00fc\u00e7lerini ve umutlar\u0131n\u0131 payla\u015ft\u0131klar\u0131 ve ba\u015fka insanlara alkolizmden kurtulmalar\u0131 i\u00e7in yard\u0131mc\u0131 olduklar\u0131 bir arkada\u015fl\u0131k birli\u011fidir. &nbsp; \u00dcyelik i\u00e7in tek \u015fart\u00a0 \u0130\u00c7K\u0130Y\u0130 \u0130\u00c7MEY\u0130 BIRAKMA \u0130STE\u011e\u0130D\u0130R. A.A. \u00fcyeli\u011finin bir aidat\u0131 veya \u00fccreti yoktur; kendi ba\u011f\u0131\u015flar\u0131m\u0131zla kendimize yetebiliyoruz. &nbsp; A.A. hi\u00e7bir tarikat, mezhep, &hellip; <\/p>\n<p class=\"link-more\"><a href=\"https:\/\/www.adsizalkolikler.com\/index.php\/eger-bir-profesyonelseniz\/profesyoneller-icin-aa\/\" class=\"more-link\">Okumaya devam et<span class=\"screen-reader-text\"> &#8220;Profesyoneller i\u00e7in AA&#8221;<\/span><\/a><\/p>\n","protected":false},"author":1,"featured_media":0,"parent":1056,"menu_order":0,"comment_status":"closed","ping_status":"closed","template":"","meta":{"footnotes":""},"class_list":["post-1243","page","type-page","status-publish","hentry"],"_links":{"self":[{"href":"https:\/\/www.adsizalkolikler.com\/index.php\/wp-json\/wp\/v2\/pages\/1243","targetHints":{"allow":["GET"]}}],"collection":[{"href":"https:\/\/www.adsizalkolikler.com\/index.php\/wp-json\/wp\/v2\/pages"}],"about":[{"href":"https:\/\/www.adsizalkolikler.com\/index.php\/wp-json\/wp\/v2\/types\/page"}],"author":[{"embeddable":true,"href":"https:\/\/www.adsizalkolikler.com\/index.php\/wp-json\/wp\/v2\/users\/1"}],"replies":[{"embeddable":true,"href":"https:\/\/www.adsizalkolikler.com\/index.php\/wp-json\/wp\/v2\/comments?post=1243"}],"version-history":[{"count":1,"href":"https:\/\/www.adsizalkolikler.com\/index.php\/wp-json\/wp\/v2\/pages\/1243\/revisions"}],"predecessor-version":[{"id":1244,"href":"https:\/\/www.adsizalkolikler.com\/index.php\/wp-json\/wp\/v2\/pages\/1243\/revisions\/1244"}],"up":[{"embeddable":true,"href":"https:\/\/www.adsizalkolikler.com\/index.php\/wp-json\/wp\/v2\/pages\/1056"}],"wp:attachment":[{"href":"https:\/\/www.adsizalkolikler.com\/index.php\/wp-json\/wp\/v2\/media?parent=1243"}],"curies":[{"name":"wp","href":"https:\/\/api.w.org\/{rel}","templated":true}]}}