{"id":1351,"date":"2021-05-16T17:16:24","date_gmt":"2021-05-16T17:16:24","guid":{"rendered":"http:\/\/www.aatrtempsite.com\/?page_id=1351"},"modified":"2021-05-30T18:48:31","modified_gmt":"2021-05-30T18:48:31","slug":"nasil-uygulanir","status":"publish","type":"page","link":"https:\/\/www.adsizalkolikler.com\/index.php\/about\/acilis-formati\/nasil-uygulanir\/","title":{"rendered":"Nas\u0131l Uygulan\u0131r"},"content":{"rendered":"<p><a href=\"http:\/\/www.adsizalkolikler.com\/wp-content\/uploads\/2021\/05\/NasilUgulanir.docx\" target=\"_blank\" rel=\"noopener\"><img decoding=\"async\" class=\"alignright\" style=\"width: 30px; height: 30px;\" src=\"http:\/\/www.adsizalkolikler.com\/wp-content\/uploads\/2021\/05\/word.png\" alt=\"Word olarak gor\" \/><\/a><a href=\"http:\/\/www.adsizalkolikler.com\/wp-content\/uploads\/2021\/05\/NasilUgulanir.pdf\" target=\"_blank\" rel=\"noopener\"><img decoding=\"async\" class=\"alignright\" style=\"width: 30px; height: 30px;\" src=\"http:\/\/www.adsizalkolikler.com\/wp-content\/uploads\/2021\/03\/pdf_icon.png\" alt=\"Pdf olarak gor\" \/><\/a><\/p>\n<p>&nbsp;<\/p>\n<p><span style=\"font-weight: 400;\">G\u00f6sterdi\u011fimiz yolu dikkatle izleyen birinin ba\u015far\u0131s\u0131z olmas\u0131 pek nadirdir. \u0130yile\u015femeyenler kendilerini bu basit programa veremeyenler veya vermek istemeyenlerdir. Bunlar yap\u0131sal olarak kendilerine kar\u015f\u0131 d\u00fcr\u00fcst olmayan ki\u015filerdir. B\u00f6yle talihsiz ki\u015filer vard\u0131r ve kabahat onlarda de\u011fildir. Do\u011fu\u015ftan b\u00f6yledirler. Tam d\u00fcr\u00fcstl\u00fck gerektiren bir ya\u015fam tarz\u0131n\u0131 kavramak ve geli\u015ftirmekte do\u011falar\u0131 gere\u011fi eksiktirler. \u015eanslar\u0131 ortalaman\u0131n alt\u0131ndad\u0131r. Bir de ciddi duygusal ve zihinsel bozukluklardan \u0131st\u0131rap \u00e7ekenler vard\u0131r, fakat d\u00fcr\u00fcst olma kapasiteleri varsa \u00e7o\u011fu iyile\u015febilirler.<\/span><\/p>\n<p><span style=\"font-weight: 400;\">\u00d6yk\u00fclerimiz, eskiden nas\u0131l oldu\u011fumuz, ba\u015f\u0131m\u0131zdan neler ge\u00e7ti\u011fi ve \u015fimdi nas\u0131l oldu\u011fumuzun genel ifadesidir. Sahip oldu\u011fumuz \u015feylerin sizde de olmas\u0131 i\u00e7in karar verdiyseniz ve bunlar\u0131 elde edebilmek i\u00e7in her \u00e7areye ba\u015fvurmaya istekliyseniz, baz\u0131 ad\u0131mlar\u0131 atmaya haz\u0131rs\u0131n\u0131z demektir.\u00a0<\/span><\/p>\n<p>&nbsp;<\/p>\n<p><span style=\"font-weight: 400;\">Biz bu basamaklar\u0131n baz\u0131lar\u0131nda duraksad\u0131k. Daha kolay bir yol bulabilece\u011fimizi d\u00fc\u015f\u00fcnd\u00fck ama bulamad\u0131k. T\u00fcm i\u00e7tenli\u011fimizle ba\u015flang\u0131\u00e7tan itibaren d\u00fcr\u00fcst olman\u0131z\u0131 rica ediyoruz. Baz\u0131lar\u0131m\u0131z eski al\u0131\u015fkanl\u0131k ve d\u00fc\u015f\u00fcncelerinden kopmamaya \u00e7al\u0131\u015ft\u0131k ama sonu\u00e7, ayn\u0131 tutumumuzu s\u00fcrd\u00fcrd\u00fc\u011f\u00fcm\u00fcz s\u00fcrece s\u0131f\u0131rd\u0131.<\/span><\/p>\n<p>&nbsp;<\/p>\n<p><span style=\"font-weight: 400;\">Unutmayal\u0131m ki; kurnaz, \u015fa\u015f\u0131rt\u0131c\u0131 ve g\u00fc\u00e7l\u00fc olan alkolle m\u00fccadele etmekteyiz. Tek ba\u015f\u0131m\u0131za bunu ba\u015farmak zordur. Fakat her g\u00fcce sahip olan biri vard\u0131r, o da Tanr\u0131d\u0131r. Umar\u0131z onu \u015fimdi bulursunuz.<\/span><\/p>\n<p>&nbsp;<\/p>\n<p><span style=\"font-weight: 400;\">Bilin\u00e7sizce verdi\u011fimiz m\u00fccadele bize yarar sa\u011flamad\u0131. Ba\u015fard\u0131\u011f\u0131m\u0131z\u0131 d\u00fc\u015f\u00fcnd\u00fc\u011f\u00fcm\u00fcz anda kaybediyorduk. Bu y\u00fczden kendimizi Tanr\u0131ya teslim ederek ilgi ve yard\u0131m\u0131n\u0131 diledik. Bir iyile\u015fme program\u0131 olarak izledi\u011fimiz basamaklar \u015funlard\u0131r:<\/span><\/p>\n<ol>\n<li style=\"font-weight: 400;\" aria-level=\"1\"><span style=\"font-weight: 400;\">Alkole kar\u015f\u0131 g\u00fc\u00e7s\u00fcz oldu\u011fumuzu ve hayat\u0131m\u0131z\u0131n y\u00f6netilemez hale geldi\u011fini kabul ettik.<\/span><\/li>\n<li style=\"font-weight: 400;\" aria-level=\"1\"><span style=\"font-weight: 400;\">Sadece bizden \u00fcst\u00fcn bir g\u00fcc\u00fcn ak\u0131l sa\u011fl\u0131\u011f\u0131m\u0131z\u0131 geri getirebilece\u011fine inand\u0131k.<\/span><\/li>\n<li style=\"font-weight: 400;\" aria-level=\"1\"><span style=\"font-weight: 400;\">\u0130rademizi ve hayat\u0131m\u0131z\u0131 alg\u0131lad\u0131\u011f\u0131m\u0131z anlamdaki Tanr\u0131ya teslim etmeye karar verdik.<\/span><\/li>\n<li style=\"font-weight: 400;\" aria-level=\"1\"><span style=\"font-weight: 400;\">Ge\u00e7mi\u015fimizin ahlaki bir d\u00f6k\u00fcm\u00fcn\u00fc ara\u015ft\u0131r\u0131c\u0131 ve korkusuz bir bak\u0131\u015fla yapt\u0131k.<\/span><\/li>\n<li style=\"font-weight: 400;\" aria-level=\"1\"><span style=\"font-weight: 400;\">Kusurlar\u0131m\u0131z\u0131 a\u00e7\u0131k bir bi\u00e7imde Tanr\u0131ya, kendimize ve bir ba\u015fkas\u0131na itiraf ettik.<\/span><\/li>\n<li style=\"font-weight: 400;\" aria-level=\"1\"><span style=\"font-weight: 400;\">Tanr\u0131n\u0131n bu ki\u015filik bozukluklar\u0131n\u0131 d\u00fczeltmesi i\u00e7in t\u00fcm benli\u011fimizle haz\u0131rland\u0131k.<\/span><\/li>\n<li style=\"font-weight: 400;\" aria-level=\"1\"><span style=\"font-weight: 400;\">Tanr\u0131dan eksikliklerimizi gidermesini al\u00e7akg\u00f6n\u00fcll\u00fcl\u00fckle diledik.<\/span><\/li>\n<li style=\"font-weight: 400;\" aria-level=\"1\"><span style=\"font-weight: 400;\">Zarar verdi\u011fimiz insanlar\u0131n listesini \u00e7\u0131kard\u0131k ve hatalar\u0131m\u0131z\u0131 telafi etmeye istekli hale geldik.<\/span><\/li>\n<li style=\"font-weight: 400;\" aria-level=\"1\"><span style=\"font-weight: 400;\">Daha \u00f6nce zarar\u0131m\u0131z dokunan ki\u015filerden, onlar\u0131 veya ba\u015fkalar\u0131n\u0131 rahats\u0131z etmeyece\u011fimizden emin oldu\u011fumuz zaman do\u011frudan \u00f6z\u00fcr diledik ve hatalar\u0131m\u0131z\u0131 m\u00fcmk\u00fcn oldu\u011fu kadar telafi ettik.<\/span><\/li>\n<li style=\"font-weight: 400;\" aria-level=\"1\"><span style=\"font-weight: 400;\">Ki\u015fisel d\u00f6k\u00fcm\u00fcm\u00fcz\u00fc yapmaya devam ettik, hatal\u0131 oldu\u011fumuz zamanalar bunu derhal itiraf ettik.<\/span><\/li>\n<li style=\"font-weight: 400;\" aria-level=\"1\"><span style=\"font-weight: 400;\">Dua ve meditasyon yoluyla, alg\u0131lad\u0131\u011f\u0131m\u0131z anlamdaki Tanr\u0131 ile bilin\u00e7li ba\u011flant\u0131m\u0131z\u0131 geli\u015ftirmeye devam ettik. Onun bizlere uygun g\u00f6rd\u00fc\u011f\u00fc \u015feyleri anlamak ve bunlar\u0131 yerine getirebilmek ve gerekli g\u00fcc\u00fc vermesi amac\u0131 ile dua ettik.<\/span><\/li>\n<li style=\"font-weight: 400;\" aria-level=\"1\"><span style=\"font-weight: 400;\">Bu basamaklar\u0131n sonucu olarak, ruhsal bir uyan\u0131\u015fla bu mesaj\u0131 alkoliklere ta\u015f\u0131maya ve bu ilkeleri b\u00fct\u00fcn i\u015flerimizde uygulamaya \u00e7al\u0131\u015ft\u0131k.<\/span><\/li>\n<\/ol>\n<p><span style=\"font-weight: 400;\">Bir\u00e7o\u011fumuzun &#8220;Bunlar ne zor maddeler! Yerine getiremem!&#8221; diye tepki g\u00f6sterdi\u011fi anlar oldu. Sak\u0131n cesaretiniz k\u0131r\u0131lmas\u0131n, aram\u0131zdaki herkes bu ilkeleri eksiksiz bir ba\u011fl\u0131l\u0131kla uygulam\u0131\u015f de\u011fildir. Bizler ermi\u015f ki\u015filer de\u011filiz. \u00d6nemli olan ruhsal anlamda olgunla\u015fmaya istekli olmam\u0131zd\u0131r. Koydu\u011fumuz prensipler geli\u015fmemizi sa\u011flayan rehberlerden ibarettir. Ruhsal m\u00fckemmellikten \u00e7ok ruhsal geli\u015fim pe\u015findeyiz.<\/span><\/p>\n<p>&nbsp;<\/p>\n<p><span style=\"font-weight: 400;\">Alkolikli\u011fi tarifimiz, Tanr\u0131 tan\u0131maz ve \u015f\u00fcphecilere ayr\u0131lan b\u00f6l\u00fcm\u00fcm\u00fcz, programdan \u00f6nce ve sonra ba\u015f\u0131m\u0131zdan ge\u00e7enler birbiriyle ili\u015fkili \u015fu \u00fc\u00e7 noktay\u0131 a\u00e7\u0131klar:<\/span><\/p>\n<ol>\n<li><span style=\"font-weight: 400;\"> Alkoliktik ve ya\u015fam\u0131m\u0131z\u0131 y\u00f6netemiyorduk.<\/span><\/li>\n<li><span style=\"font-weight: 400;\"> Belki de hi\u00e7bir insan g\u00fcc\u00fc alkolikli\u011fimizi iyile\u015ftiremeyecekti.<\/span><\/li>\n<li><span style=\"font-weight: 400;\"> E\u011fer istersek Tanr\u0131 bunu yapabilir ve yapacakt\u0131r.<\/span><\/li>\n<\/ol>\n","protected":false},"excerpt":{"rendered":"<p>&nbsp; G\u00f6sterdi\u011fimiz yolu dikkatle izleyen birinin ba\u015far\u0131s\u0131z olmas\u0131 pek nadirdir. \u0130yile\u015femeyenler kendilerini bu basit programa veremeyenler veya vermek istemeyenlerdir. Bunlar yap\u0131sal olarak kendilerine kar\u015f\u0131 d\u00fcr\u00fcst olmayan ki\u015filerdir. B\u00f6yle talihsiz ki\u015filer vard\u0131r ve kabahat onlarda de\u011fildir. Do\u011fu\u015ftan b\u00f6yledirler. Tam d\u00fcr\u00fcstl\u00fck gerektiren bir ya\u015fam tarz\u0131n\u0131 kavramak ve geli\u015ftirmekte do\u011falar\u0131 gere\u011fi eksiktirler. \u015eanslar\u0131 ortalaman\u0131n alt\u0131ndad\u0131r. Bir de ciddi &hellip; <\/p>\n<p class=\"link-more\"><a href=\"https:\/\/www.adsizalkolikler.com\/index.php\/about\/acilis-formati\/nasil-uygulanir\/\" class=\"more-link\">Okumaya devam et<span class=\"screen-reader-text\"> &#8220;Nas\u0131l Uygulan\u0131r&#8221;<\/span><\/a><\/p>\n","protected":false},"author":1,"featured_media":0,"parent":1349,"menu_order":0,"comment_status":"closed","ping_status":"closed","template":"","meta":{"footnotes":""},"class_list":["post-1351","page","type-page","status-publish","hentry"],"_links":{"self":[{"href":"https:\/\/www.adsizalkolikler.com\/index.php\/wp-json\/wp\/v2\/pages\/1351","targetHints":{"allow":["GET"]}}],"collection":[{"href":"https:\/\/www.adsizalkolikler.com\/index.php\/wp-json\/wp\/v2\/pages"}],"about":[{"href":"https:\/\/www.adsizalkolikler.com\/index.php\/wp-json\/wp\/v2\/types\/page"}],"author":[{"embeddable":true,"href":"https:\/\/www.adsizalkolikler.com\/index.php\/wp-json\/wp\/v2\/users\/1"}],"replies":[{"embeddable":true,"href":"https:\/\/www.adsizalkolikler.com\/index.php\/wp-json\/wp\/v2\/comments?post=1351"}],"version-history":[{"count":7,"href":"https:\/\/www.adsizalkolikler.com\/index.php\/wp-json\/wp\/v2\/pages\/1351\/revisions"}],"predecessor-version":[{"id":1402,"href":"https:\/\/www.adsizalkolikler.com\/index.php\/wp-json\/wp\/v2\/pages\/1351\/revisions\/1402"}],"up":[{"embeddable":true,"href":"https:\/\/www.adsizalkolikler.com\/index.php\/wp-json\/wp\/v2\/pages\/1349"}],"wp:attachment":[{"href":"https:\/\/www.adsizalkolikler.com\/index.php\/wp-json\/wp\/v2\/media?parent=1351"}],"curies":[{"name":"wp","href":"https:\/\/api.w.org\/{rel}","templated":true}]}}