{"id":1937,"date":"2023-01-14T08:24:57","date_gmt":"2023-01-14T08:24:57","guid":{"rendered":"http:\/\/www.adsizalkolikler.com\/?page_id=1937"},"modified":"2023-01-14T08:25:50","modified_gmt":"2023-01-14T08:25:50","slug":"marmaris-grubu-ege-bolge-toplanti-duyurusu-3-4-mart-2023","status":"publish","type":"page","link":"https:\/\/www.adsizalkolikler.com\/index.php\/marmaris-grubu-ege-bolge-toplanti-duyurusu-3-4-mart-2023\/","title":{"rendered":"MARMAR\u0130S GRUBU EGE B\u00d6LGE TOPLANTI DUYURUSU 3-4 Mart 2023"},"content":{"rendered":"\t\t<div data-elementor-type=\"wp-page\" data-elementor-id=\"1937\" class=\"elementor elementor-1937\">\n\t\t\t\t\t\t\t\t\t<section class=\"elementor-section elementor-top-section elementor-element elementor-element-3df303d0 elementor-section-boxed elementor-section-height-default elementor-section-height-default\" data-id=\"3df303d0\" data-element_type=\"section\">\n\t\t\t\t\t\t<div class=\"elementor-container elementor-column-gap-default\">\n\t\t\t\t\t<div class=\"elementor-column elementor-col-100 elementor-top-column elementor-element elementor-element-7fa6c7c1\" data-id=\"7fa6c7c1\" data-element_type=\"column\">\n\t\t\t<div class=\"elementor-widget-wrap elementor-element-populated\">\n\t\t\t\t\t\t\t\t<div class=\"elementor-element elementor-element-7094fd65 elementor-widget elementor-widget-text-editor\" data-id=\"7094fd65\" data-element_type=\"widget\" data-widget_type=\"text-editor.default\">\n\t\t\t\t<div class=\"elementor-widget-container\">\n\t\t\t<style>\/*! elementor - v3.6.7 - 03-07-2022 *\/\n.elementor-widget-text-editor.elementor-drop-cap-view-stacked .elementor-drop-cap{background-color:#818a91;color:#fff}.elementor-widget-text-editor.elementor-drop-cap-view-framed .elementor-drop-cap{color:#818a91;border:3px solid;background-color:transparent}.elementor-widget-text-editor:not(.elementor-drop-cap-view-default) .elementor-drop-cap{margin-top:8px}.elementor-widget-text-editor:not(.elementor-drop-cap-view-default) .elementor-drop-cap-letter{width:1em;height:1em}.elementor-widget-text-editor .elementor-drop-cap{float:left;text-align:center;line-height:1;font-size:50px}.elementor-widget-text-editor .elementor-drop-cap-letter{display:inline-block}<\/style>\t\t\t\tMARMAR\u0130S GRUBU EGE B\u00d6LGE TOPLANTI DUYURUSU\n\n&nbsp;\n\nMarmaris grubunun d\u00fczenleyece\u011fi b\u00f6lge toplant\u0131s\u0131 3-4 Mart 2023 tarihinde Mu\u011fla Akyaka Terme Ottoman otelde yap\u0131lacakt\u0131r..\n\n&nbsp;\n\nOda kahvalt\u0131 tek ki\u015filik oda 700 TL,\n\n\u0130ki ki\u015filik oda ise 950 TL ( ki\u015fi ba\u015f\u0131 475 lira)\n\nAk\u015fam yemek isteyene 85 liraya tabldot yemek (\u00c7orba, salata, ana yemek 85 lira olmak \u00fczere) verilecektir.\n\n\u00c7ay s\u0131n\u0131rs\u0131zd\u0131r.\n\n&nbsp;\n\nZaman az oldu\u011fundan dolay\u0131 rezervasyonlar\u0131n bir an \u00f6nce a\u015fa\u011f\u0131daki telefon numaras\u0131ndan yap\u0131lmas\u0131 rica olunur.\n\n&nbsp;\n\n&nbsp;\n\n&nbsp;\n\nRezervasyon ve bilgi i\u00e7in:\n\nS\u00fcha 05392022397\t\t\t\t\t\t<\/div>\n\t\t\t\t<\/div>\n\t\t\t\t\t<\/div>\n\t\t<\/div>\n\t\t\t\t\t\t\t<\/div>\n\t\t<\/section>\n\t\t\t\t\t\t\t<\/div>\n\t\t","protected":false},"excerpt":{"rendered":"<p>MARMAR\u0130S GRUBU EGE B\u00d6LGE TOPLANTI DUYURUSU &nbsp; Marmaris grubunun d\u00fczenleyece\u011fi b\u00f6lge toplant\u0131s\u0131 3-4 Mart 2023 tarihinde Mu\u011fla Akyaka Terme Ottoman otelde yap\u0131lacakt\u0131r.. &nbsp; Oda kahvalt\u0131 tek ki\u015filik oda 700 TL, \u0130ki ki\u015filik oda ise 950 TL ( ki\u015fi ba\u015f\u0131 475 lira) Ak\u015fam yemek isteyene 85 liraya tabldot yemek (\u00c7orba, salata, ana yemek 85 lira olmak &hellip; <\/p>\n<p class=\"link-more\"><a href=\"https:\/\/www.adsizalkolikler.com\/index.php\/marmaris-grubu-ege-bolge-toplanti-duyurusu-3-4-mart-2023\/\" class=\"more-link\">Okumaya devam et<span class=\"screen-reader-text\"> &#8220;MARMAR\u0130S GRUBU EGE B\u00d6LGE TOPLANTI DUYURUSU 3-4 Mart 2023&#8221;<\/span><\/a><\/p>\n","protected":false},"author":1,"featured_media":0,"parent":0,"menu_order":0,"comment_status":"closed","ping_status":"closed","template":"","meta":{"footnotes":""},"class_list":["post-1937","page","type-page","status-publish","hentry"],"_links":{"self":[{"href":"https:\/\/www.adsizalkolikler.com\/index.php\/wp-json\/wp\/v2\/pages\/1937","targetHints":{"allow":["GET"]}}],"collection":[{"href":"https:\/\/www.adsizalkolikler.com\/index.php\/wp-json\/wp\/v2\/pages"}],"about":[{"href":"https:\/\/www.adsizalkolikler.com\/index.php\/wp-json\/wp\/v2\/types\/page"}],"author":[{"embeddable":true,"href":"https:\/\/www.adsizalkolikler.com\/index.php\/wp-json\/wp\/v2\/users\/1"}],"replies":[{"embeddable":true,"href":"https:\/\/www.adsizalkolikler.com\/index.php\/wp-json\/wp\/v2\/comments?post=1937"}],"version-history":[{"count":3,"href":"https:\/\/www.adsizalkolikler.com\/index.php\/wp-json\/wp\/v2\/pages\/1937\/revisions"}],"predecessor-version":[{"id":1940,"href":"https:\/\/www.adsizalkolikler.com\/index.php\/wp-json\/wp\/v2\/pages\/1937\/revisions\/1940"}],"wp:attachment":[{"href":"https:\/\/www.adsizalkolikler.com\/index.php\/wp-json\/wp\/v2\/media?parent=1937"}],"curies":[{"name":"wp","href":"https:\/\/api.w.org\/{rel}","templated":true}]}}