{"id":928,"date":"2021-03-10T09:40:31","date_gmt":"2021-03-10T09:40:31","guid":{"rendered":"http:\/\/www.aatrtempsite.com\/?page_id=928"},"modified":"2025-05-25T11:36:50","modified_gmt":"2025-05-25T11:36:50","slug":"basamaklar","status":"publish","type":"page","link":"https:\/\/www.adsizalkolikler.com\/index.php\/home\/basamaklar\/","title":{"rendered":"Basamaklar"},"content":{"rendered":"<h1><strong>Ads\u0131z Alkolikler On \u0130ki Basamak Program\u0131<\/strong><\/h1>\n<ol>\n<li style=\"font-weight: 400;\" aria-level=\"1\"><span style=\"font-weight: 400;\">Alkole kar\u015f\u0131 g\u00fc\u00e7s\u00fcz oldu\u011fumuzu ve hayat\u0131m\u0131z\u0131n y\u00f6netilemez hale geldi\u011fini kabul ettik.<\/span><\/li>\n<li style=\"font-weight: 400;\" aria-level=\"1\"><span style=\"font-weight: 400;\">Sadece bizden \u00fcst\u00fcn bir g\u00fcc\u00fcn ak\u0131l sa\u011fl\u0131\u011f\u0131m\u0131z\u0131 geri getirebilece\u011fine inand\u0131k.<\/span><\/li>\n<li style=\"font-weight: 400;\" aria-level=\"1\"><span style=\"font-weight: 400;\">\u0130rademizi ve hayat\u0131m\u0131z\u0131 alg\u0131lad\u0131\u011f\u0131m\u0131z anlamdaki Tanr\u0131&#8217;ya teslim etmeye karar verdik.<\/span><\/li>\n<li style=\"font-weight: 400;\" aria-level=\"1\"><span style=\"font-weight: 400;\">Ge\u00e7mi\u015fimizin ahlaki bir d\u00f6k\u00fcm\u00fcn\u00fc ara\u015ft\u0131r\u0131c\u0131 ve korkusuz bir bak\u0131\u015fla yapt\u0131k.<\/span><\/li>\n<li style=\"font-weight: 400;\" aria-level=\"1\"><span style=\"font-weight: 400;\">Kusurlar\u0131m\u0131z\u0131 a\u00e7\u0131k bir bi\u00e7imde Tanr\u0131ya, kendimize ve bir ba\u015fkas\u0131na itiraf ettik.<\/span><\/li>\n<li style=\"font-weight: 400;\" aria-level=\"1\"><span style=\"font-weight: 400;\">Tanr\u0131n\u0131n bu ki\u015filik bozukluklar\u0131n\u0131 d\u00fczeltmesi i\u00e7in t\u00fcm benli\u011fimizle haz\u0131rland\u0131k.<\/span><\/li>\n<li style=\"font-weight: 400;\" aria-level=\"1\"><span style=\"font-weight: 400;\">Tanr\u0131dan eksikliklerimizi gidermesini al\u00e7akg\u00f6n\u00fcll\u00fcl\u00fckle diledik.<\/span><\/li>\n<li style=\"font-weight: 400;\" aria-level=\"1\"><span style=\"font-weight: 400;\">Zarar verdi\u011fimiz insanlar\u0131n listesini \u00e7\u0131kard\u0131k ve hatalar\u0131m\u0131z\u0131 telafi etmeye istekli hale geldik.<\/span><\/li>\n<li style=\"font-weight: 400;\" aria-level=\"1\"><span style=\"font-weight: 400;\">Daha \u00f6nce zarar\u0131m\u0131z dokunan ki\u015filerden, onlar\u0131 veya ba\u015fkalar\u0131n\u0131 rahats\u0131z etmeyece\u011fimizden emin oldu\u011fumuz zaman do\u011frudan \u00f6z\u00fcr diledik ve hatalar\u0131m\u0131z\u0131 m\u00fcmk\u00fcn oldu\u011fu kadar telafi ettik.<\/span><\/li>\n<li style=\"font-weight: 400;\" aria-level=\"1\"><span style=\"font-weight: 400;\">Ki\u015fisel d\u00f6k\u00fcm\u00fcm\u00fcz\u00fc yapmaya devam ettik, hatal\u0131 oldu\u011fumuz zamanalar bunu derhal itiraf ettik.<\/span><\/li>\n<li style=\"font-weight: 400;\" aria-level=\"1\"><span style=\"font-weight: 400;\">Dua ve meditasyon yoluyla, alg\u0131lad\u0131\u011f\u0131m\u0131z anlamdaki Tanr\u0131 ile bilin\u00e7li ba\u011flant\u0131m\u0131z\u0131 geli\u015ftirmeye devam ettik. Onun bizlere uygun g\u00f6rd\u00fc\u011f\u00fc \u015feyleri anlamak ve bunlar\u0131 yerine getirebilmek ve gerekli g\u00fcc\u00fc vermesi amac\u0131 ile dua ettik.<\/span><\/li>\n<li style=\"font-weight: 400;\" aria-level=\"1\"><span style=\"font-weight: 400;\">Bu basamaklar\u0131n sonucu olarak, ruhsal bir uyan\u0131\u015fla bu mesaj\u0131 alkoliklere ta\u015f\u0131maya ve bu ilkeleri b\u00fct\u00fcn i\u015flerimizde uygulamaya \u00e7al\u0131\u015ft\u0131k.<\/span><\/li>\n<\/ol>\n","protected":false},"excerpt":{"rendered":"<p>Ads\u0131z Alkolikler On \u0130ki Basamak Program\u0131 Alkole kar\u015f\u0131 g\u00fc\u00e7s\u00fcz oldu\u011fumuzu ve hayat\u0131m\u0131z\u0131n y\u00f6netilemez hale geldi\u011fini kabul ettik. Sadece bizden \u00fcst\u00fcn bir g\u00fcc\u00fcn ak\u0131l sa\u011fl\u0131\u011f\u0131m\u0131z\u0131 geri getirebilece\u011fine inand\u0131k. \u0130rademizi ve hayat\u0131m\u0131z\u0131 alg\u0131lad\u0131\u011f\u0131m\u0131z anlamdaki Tanr\u0131&#8217;ya teslim etmeye karar verdik. Ge\u00e7mi\u015fimizin ahlaki bir d\u00f6k\u00fcm\u00fcn\u00fc ara\u015ft\u0131r\u0131c\u0131 ve korkusuz bir bak\u0131\u015fla yapt\u0131k. Kusurlar\u0131m\u0131z\u0131 a\u00e7\u0131k bir bi\u00e7imde Tanr\u0131ya, kendimize ve bir &hellip; <\/p>\n<p class=\"link-more\"><a href=\"https:\/\/www.adsizalkolikler.com\/index.php\/home\/basamaklar\/\" class=\"more-link\">Okumaya devam et<span class=\"screen-reader-text\"> &#8220;Basamaklar&#8221;<\/span><\/a><\/p>\n","protected":false},"author":1,"featured_media":0,"parent":7,"menu_order":0,"comment_status":"closed","ping_status":"closed","template":"","meta":{"footnotes":""},"class_list":["post-928","page","type-page","status-publish","hentry"],"_links":{"self":[{"href":"https:\/\/www.adsizalkolikler.com\/index.php\/wp-json\/wp\/v2\/pages\/928","targetHints":{"allow":["GET"]}}],"collection":[{"href":"https:\/\/www.adsizalkolikler.com\/index.php\/wp-json\/wp\/v2\/pages"}],"about":[{"href":"https:\/\/www.adsizalkolikler.com\/index.php\/wp-json\/wp\/v2\/types\/page"}],"author":[{"embeddable":true,"href":"https:\/\/www.adsizalkolikler.com\/index.php\/wp-json\/wp\/v2\/users\/1"}],"replies":[{"embeddable":true,"href":"https:\/\/www.adsizalkolikler.com\/index.php\/wp-json\/wp\/v2\/comments?post=928"}],"version-history":[{"count":5,"href":"https:\/\/www.adsizalkolikler.com\/index.php\/wp-json\/wp\/v2\/pages\/928\/revisions"}],"predecessor-version":[{"id":2224,"href":"https:\/\/www.adsizalkolikler.com\/index.php\/wp-json\/wp\/v2\/pages\/928\/revisions\/2224"}],"up":[{"embeddable":true,"href":"https:\/\/www.adsizalkolikler.com\/index.php\/wp-json\/wp\/v2\/pages\/7"}],"wp:attachment":[{"href":"https:\/\/www.adsizalkolikler.com\/index.php\/wp-json\/wp\/v2\/media?parent=928"}],"curies":[{"name":"wp","href":"https:\/\/api.w.org\/{rel}","templated":true}]}}