{"id":929,"date":"2021-03-10T09:40:31","date_gmt":"2021-03-10T09:40:31","guid":{"rendered":"http:\/\/www.aatrtempsite.com\/?page_id=929"},"modified":"2025-05-25T11:41:28","modified_gmt":"2025-05-25T11:41:28","slug":"gelenekler","status":"publish","type":"page","link":"https:\/\/www.adsizalkolikler.com\/index.php\/home\/gelenekler\/","title":{"rendered":"Gelenekler"},"content":{"rendered":"<h1 class=\"fusion-responsive-typography-calculated\" data-fontsize=\"30\" data-lineheight=\"42px\"><strong>Ads\u0131z Alkolikler On \u0130ki Gelenek<\/strong><\/h1>\n<ol>\n<li style=\"font-weight: 400;\" aria-level=\"1\"><span style=\"font-weight: 400;\">Ortak <\/span><span style=\"font-weight: 400;\">refah\u0131m\u0131z <\/span><span style=\"font-weight: 400;\">ba\u015fta <\/span><span style=\"font-weight: 400;\">gelmelidir, ki\u015fisel iyile\u015fme A.A.<\/span><span style=\"font-weight: 400;\">&#8216;n\u0131n <\/span><span style=\"font-weight: 400;\">birli\u011fine ba\u011fl\u0131d\u0131r.<\/span><\/li>\n<li style=\"font-weight: 400;\" aria-level=\"1\"><span style=\"font-weight: 400;\">Amac\u0131m\u0131za ula\u015fmam\u0131zda tek bir <\/span><span style=\"font-weight: 400;\">otorite <\/span><span style=\"font-weight: 400;\">vard\u0131r. O da<\/span> <span style=\"font-weight: 400;\">grup <\/span><span style=\"font-weight: 400;\">bilincimizde <\/span><span style=\"font-weight: 400;\">ifadesini<\/span> <span style=\"font-weight: 400;\">bulan sevgi <\/span><span style=\"font-weight: 400;\">dolu bir <\/span><span style=\"font-weight: 400;\">&#8220;Tanr\u0131&#8221;<\/span><span style=\"font-weight: 400;\">d\u0131r. <\/span><span style=\"font-weight: 400;\">Liderlerimiz <\/span><span style=\"font-weight: 400;\">h\u00fckmedici <\/span><span style=\"font-weight: 400;\">de\u011fil, <\/span><span style=\"font-weight: 400;\">g\u00fcvenilir<\/span><span style=\"font-weight: 400;\"> hizmetk\u00e2rlard\u0131r.<\/span><\/li>\n<li style=\"font-weight: 400;\" aria-level=\"1\"><span style=\"font-weight: 400;\">A.A. <\/span><span style=\"font-weight: 400;\">\u00fcyeli\u011fi <\/span><span style=\"font-weight: 400;\">i\u00e7in <\/span><span style=\"font-weight: 400;\">gerekli <\/span><span style=\"font-weight: 400;\">tek <\/span><span style=\"font-weight: 400;\">ko\u015ful <\/span><span style=\"font-weight: 400;\">i\u015fkiyi <\/span><span style=\"font-weight: 400;\">b\u0131rakma <\/span><span style=\"font-weight: 400;\">iste\u011finin <\/span><span style=\"font-weight: 400;\">olmas\u0131d\u0131r.<\/span><\/li>\n<li style=\"font-weight: 400;\" aria-level=\"1\"><span style=\"font-weight: 400;\">Her <\/span><span style=\"font-weight: 400;\">grup, <\/span><span style=\"font-weight: 400;\">di\u011fer <\/span><span style=\"font-weight: 400;\">gruplar\u0131 <\/span><span style=\"font-weight: 400;\">ya da <\/span><span style=\"font-weight: 400;\">A. <\/span><span style=\"font-weight: 400;\">A.\u2019y\u0131 bir <\/span><span style=\"font-weight: 400;\">b\u00fct\u00fcn <\/span><span style=\"font-weight: 400;\">olarak <\/span><span style=\"font-weight: 400;\">etkileyen <\/span><span style=\"font-weight: 400;\">konular <\/span><span style=\"font-weight: 400;\">d\u0131\u015f\u0131nda<\/span><span style=\"font-weight: 400;\"> \u00f6zerktir.<\/span><\/li>\n<li style=\"font-weight: 400;\" aria-level=\"1\"><span style=\"font-weight: 400;\">Her <\/span><span style=\"font-weight: 400;\">grubun <\/span><span style=\"font-weight: 400;\">\u00f6nde gelen tek <\/span><span style=\"font-weight: 400;\">amac\u0131 <\/span><span style=\"font-weight: 400;\">vard\u0131r; <\/span><span style=\"font-weight: 400;\">o <\/span><span style=\"font-weight: 400;\">da <\/span><span style=\"font-weight: 400;\">halen <\/span><span style=\"font-weight: 400;\">\u0131zd\u0131rap <\/span><span style=\"font-weight: 400;\">\u00e7eken <\/span><span style=\"font-weight: 400;\">alkoliklere <\/span>mesaj\u0131 iletmektir.<\/li>\n<li style=\"font-weight: 400;\" aria-level=\"1\"><span style=\"font-weight: 400;\">Para, <\/span><span style=\"font-weight: 400;\">m\u00fclk <\/span><span style=\"font-weight: 400;\">ve itibar bizi \u00f6nde <\/span><span style=\"font-weight: 400;\">gelen amac\u0131m\u0131zdan <\/span><span style=\"font-weight: 400;\">uzakla\u015ft\u0131raca\u011f\u0131ndan, A.A.<\/span> <span style=\"font-weight: 400;\">gruplar\u0131 <\/span><span style=\"font-weight: 400;\">A.A. <\/span><span style=\"font-weight: 400;\">ad\u0131n\u0131n <\/span><span style=\"font-weight: 400;\">ilgili <\/span><span style=\"font-weight: 400;\">kurum <\/span><span style=\"font-weight: 400;\">ya da farkl\u0131 <\/span><span style=\"font-weight: 400;\">kurulu\u015flarca <\/span><span style=\"font-weight: 400;\">kullan\u0131m\u0131na <\/span><span style=\"font-weight: 400;\">izin<\/span> <span style=\"font-weight: 400;\">vermemeli ve <\/span><span style=\"font-weight: 400;\">maddi <\/span><span style=\"font-weight: 400;\">destekte <\/span><span style=\"font-weight: 400;\">bulunmamal\u0131d\u0131r.<\/span><\/li>\n<li style=\"font-weight: 400;\" aria-level=\"1\"><span style=\"font-weight: 400;\">Her <\/span><span style=\"font-weight: 400;\">A.A. <\/span><span style=\"font-weight: 400;\">grubu <\/span><span style=\"font-weight: 400;\">d\u0131\u015far\u0131dan gelecek <\/span><span style=\"font-weight: 400;\">katk\u0131lar\u0131 reddederek tam <\/span><span style=\"font-weight: 400;\">anlam\u0131yla kendi <\/span>kendine <span style=\"font-weight: 400;\">yetmelidir. <\/span><\/li>\n<li style=\"font-weight: 400;\" aria-level=\"1\"><span style=\"font-weight: 400;\">Ads\u0131z <\/span><span style=\"font-weight: 400;\">Alkolikler <\/span><span style=\"font-weight: 400;\">daima <\/span><span style=\"font-weight: 400;\">amat\u00f6r <\/span><span style=\"font-weight: 400;\">olarak <\/span><span style=\"font-weight: 400;\">kalmakla <\/span><span style=\"font-weight: 400;\">birlikte <\/span><span style=\"font-weight: 400;\">hizmet <\/span><span style=\"font-weight: 400;\">merkezlerinde <\/span><span style=\"font-weight: 400;\">\u00f6zel <\/span>g\u00f6revliler \u00e7al\u0131\u015ft\u0131rabilir.<\/li>\n<li style=\"font-weight: 400;\" aria-level=\"1\"><span style=\"font-weight: 400;\">A.A. <\/span><span style=\"font-weight: 400;\">hi\u00e7bir zaman <\/span><span style=\"font-weight: 400;\">ger\u00e7ek <\/span><span style=\"font-weight: 400;\">anlamda <\/span><span style=\"font-weight: 400;\">\u00f6rg\u00fctlenmemelidir, <\/span><span style=\"font-weight: 400;\">fakat <\/span><span style=\"font-weight: 400;\">hizmet <\/span><span style=\"font-weight: 400;\">verdiklerine <\/span>do\u011frudan sorumlu hizmet <span style=\"font-weight: 400;\">kurullar\u0131 <\/span><span style=\"font-weight: 400;\">olu\u015fturabilirler.<\/span><\/li>\n<li style=\"font-weight: 400;\" aria-level=\"1\"><span style=\"font-weight: 400;\">Ads\u0131z <\/span><span style=\"font-weight: 400;\">Alkolikler <\/span><span style=\"font-weight: 400;\">d\u0131\u015fardaki <\/span><span style=\"font-weight: 400;\">konular hakk\u0131nda fikir y\u00fcr\u00fctmez. <\/span><span style=\"font-weight: 400;\">Bu\u00a0 <\/span><span style=\"font-weight: 400;\">y\u00fczden <\/span><span style=\"font-weight: 400;\">A.A. ad\u0131 toplum <\/span><span style=\"font-weight: 400;\">anla\u015fmazl\u0131klar\u0131na <\/span><span style=\"font-weight: 400;\">hi\u00e7bir \u015fekilde <\/span><span style=\"font-weight: 400;\">kar\u0131\u015ft\u0131r\u0131lmamal\u0131d\u0131r.<\/span><\/li>\n<li style=\"font-weight: 400;\" aria-level=\"1\"><span style=\"font-weight: 400;\">Halkla ili\u015fkiler <\/span><span style=\"font-weight: 400;\">siyasetimiz <\/span><span style=\"font-weight: 400;\">ki\u015fisel <\/span><span style=\"font-weight: 400;\">isim yapmak\u00a0 <\/span><span style=\"font-weight: 400;\">yerine; <\/span><span style=\"font-weight: 400;\">A. A. <\/span><span style=\"font-weight: 400;\">ad\u0131na <\/span><span style=\"font-weight: 400;\">ilgi<\/span><span style=\"font-weight: 400;\"> toplamak <\/span><span style=\"font-weight: 400;\">\u00fczerine <\/span><span style=\"font-weight: 400;\">kurulmu\u015ftur. <\/span><span style=\"font-weight: 400;\">Bu <\/span><span style=\"font-weight: 400;\">y\u00fczden <\/span><span style=\"font-weight: 400;\">bas\u0131n, <\/span><span style=\"font-weight: 400;\">radyo, TV <\/span><span style=\"font-weight: 400;\">ve <\/span><span style=\"font-weight: 400;\">film alanlar\u0131nda <\/span><span style=\"font-weight: 400;\">kimli\u011fimizi <\/span><span style=\"font-weight: 400;\">daima <\/span><span style=\"font-weight: 400;\">gizli <\/span><span style=\"font-weight: 400;\">tutmak i\u00e7in\u00a0 g\u00f6r\u00fcnt\u00fc ve tam isim vermemeliyiz.<\/span><\/li>\n<li style=\"font-weight: 400;\" aria-level=\"1\"><span style=\"font-weight: 400;\">Ads\u0131zl\u0131k <\/span><span style=\"font-weight: 400;\">b\u00fct\u00fcn <\/span><span style=\"font-weight: 400;\">geleneklerimizin <\/span><span style=\"font-weight: 400;\">manevi temelini <\/span><span style=\"font-weight: 400;\">olu\u015fturarak, <\/span><span style=\"font-weight: 400;\">bize ilkelerin <\/span>daima ki\u015filiklerden \u00f6nde geldi\u011fi ger\u00e7e\u011fini hat\u0131rlat\u0131r.<\/li>\n<\/ol>\n","protected":false},"excerpt":{"rendered":"<p>Ads\u0131z Alkolikler On \u0130ki Gelenek Ortak refah\u0131m\u0131z ba\u015fta gelmelidir, ki\u015fisel iyile\u015fme A.A.&#8216;n\u0131n birli\u011fine ba\u011fl\u0131d\u0131r. Amac\u0131m\u0131za ula\u015fmam\u0131zda tek bir otorite vard\u0131r. O da grup bilincimizde ifadesini bulan sevgi dolu bir &#8220;Tanr\u0131&#8221;d\u0131r. Liderlerimiz h\u00fckmedici de\u011fil, g\u00fcvenilir hizmetk\u00e2rlard\u0131r. A.A. \u00fcyeli\u011fi i\u00e7in gerekli tek ko\u015ful i\u015fkiyi b\u0131rakma iste\u011finin olmas\u0131d\u0131r. Her grup, di\u011fer gruplar\u0131 ya da A. A.\u2019y\u0131 bir b\u00fct\u00fcn &hellip; <\/p>\n<p class=\"link-more\"><a href=\"https:\/\/www.adsizalkolikler.com\/index.php\/home\/gelenekler\/\" class=\"more-link\">Okumaya devam et<span class=\"screen-reader-text\"> &#8220;Gelenekler&#8221;<\/span><\/a><\/p>\n","protected":false},"author":1,"featured_media":0,"parent":7,"menu_order":0,"comment_status":"closed","ping_status":"closed","template":"","meta":{"footnotes":""},"class_list":["post-929","page","type-page","status-publish","hentry"],"_links":{"self":[{"href":"https:\/\/www.adsizalkolikler.com\/index.php\/wp-json\/wp\/v2\/pages\/929","targetHints":{"allow":["GET"]}}],"collection":[{"href":"https:\/\/www.adsizalkolikler.com\/index.php\/wp-json\/wp\/v2\/pages"}],"about":[{"href":"https:\/\/www.adsizalkolikler.com\/index.php\/wp-json\/wp\/v2\/types\/page"}],"author":[{"embeddable":true,"href":"https:\/\/www.adsizalkolikler.com\/index.php\/wp-json\/wp\/v2\/users\/1"}],"replies":[{"embeddable":true,"href":"https:\/\/www.adsizalkolikler.com\/index.php\/wp-json\/wp\/v2\/comments?post=929"}],"version-history":[{"count":7,"href":"https:\/\/www.adsizalkolikler.com\/index.php\/wp-json\/wp\/v2\/pages\/929\/revisions"}],"predecessor-version":[{"id":2227,"href":"https:\/\/www.adsizalkolikler.com\/index.php\/wp-json\/wp\/v2\/pages\/929\/revisions\/2227"}],"up":[{"embeddable":true,"href":"https:\/\/www.adsizalkolikler.com\/index.php\/wp-json\/wp\/v2\/pages\/7"}],"wp:attachment":[{"href":"https:\/\/www.adsizalkolikler.com\/index.php\/wp-json\/wp\/v2\/media?parent=929"}],"curies":[{"name":"wp","href":"https:\/\/api.w.org\/{rel}","templated":true}]}}